{"id":1045,"date":"2015-09-23T13:57:43","date_gmt":"2015-09-23T13:57:43","guid":{"rendered":"http:\/\/www.rubau.com\/compania-2\/"},"modified":"2016-04-08T12:13:42","modified_gmt":"2016-04-08T10:13:42","slug":"compania","status":"publish","type":"page","link":"https:\/\/www.rubau.com\/ca\/compania\/","title":{"rendered":"Companyia"},"content":{"rendered":"<h2>Construcciones Rubau, S.A., es defineix com una constructora moderna i compromesa, tant d\u2019obra civil com d\u2019edificaci\u00f3, implantada a tot el territori espanyol i amb una pres\u00e8ncia important a l\u2019exterior.<\/h2>\n<p>Per a tot aix\u00f2, l\u2019empresa disposa de l\u2019aval que li d\u00f3na la seva traject\u00f2ria en el mercat, gr\u00e0cies al prestigi de l\u2019equip hum\u00e0 i t\u00e8cnic i als sistemes de gesti\u00f3 i control innovadors. D\u2019altra banda, cal ressaltar l\u2019enorme potencial de l\u2019equip directiu actual, altament reconegut en el sector, i l\u2019exist\u00e8ncia de pol\u00edtiques molt compromeses i enfocades a les necessitats del client.<\/p>\n","protected":false},"excerpt":{"rendered":"<p>Construcciones Rubau, S.A., es defineix com una constructora moderna i compromesa, tant d\u2019obra civil com d\u2019edificaci\u00f3, implantada a tot el territori espanyol i amb una pres\u00e8ncia important a l\u2019exterior. Per a tot aix\u00f2, l\u2019empresa disposa de l\u2019aval que li d\u00f3na la seva traject\u00f2ria en el mercat, gr\u00e0cies al prestigi de l\u2019equip hum\u00e0 i t\u00e8cnic i [&hellip;]<\/p>\n","protected":false},"author":1,"featured_media":0,"parent":0,"menu_order":0,"comment_status":"closed","ping_status":"closed","template":"page-whoweare.php","meta":{"_acf_changed":false,"footnotes":""},"class_list":["post-1045","page","type-page","status-publish","hentry"],"acf":[],"yoast_head":"<!-- This site is optimized with the Yoast SEO plugin v26.5 - https:\/\/yoast.com\/wordpress\/plugins\/seo\/ -->\n<title>Companyia - Rubau<\/title>\n<meta name=\"robots\" content=\"index, follow, max-snippet:-1, max-image-preview:large, max-video-preview:-1\" \/>\n<link rel=\"canonical\" href=\"https:\/\/www.rubau.com\/ca\/compania\/\" \/>\n<meta property=\"og:locale\" content=\"ca_ES\" \/>\n<meta property=\"og:type\" content=\"article\" \/>\n<meta property=\"og:title\" content=\"Companyia - Rubau\" \/>\n<meta property=\"og:description\" content=\"Construcciones Rubau, S.A., es defineix com una constructora moderna i compromesa, tant d\u2019obra civil com d\u2019edificaci\u00f3, implantada a tot el territori espanyol i amb una pres\u00e8ncia important a l\u2019exterior. Per a tot aix\u00f2, l\u2019empresa disposa de l\u2019aval que li d\u00f3na la seva traject\u00f2ria en el mercat, gr\u00e0cies al prestigi de l\u2019equip hum\u00e0 i t\u00e8cnic i [&hellip;]\" \/>\n<meta property=\"og:url\" content=\"https:\/\/www.rubau.com\/ca\/compania\/\" \/>\n<meta property=\"og:site_name\" content=\"Rubau\" \/>\n<meta property=\"article:modified_time\" content=\"2016-04-08T10:13:42+00:00\" \/>\n<meta name=\"twitter:card\" content=\"summary_large_image\" \/>\n<meta name=\"twitter:label1\" content=\"Temps estimat de lectura\" \/>\n\t<meta name=\"twitter:data1\" content=\"1 minut\" \/>\n<script type=\"application\/ld+json\" class=\"yoast-schema-graph\">{\"@context\":\"https:\/\/schema.org\",\"@graph\":[{\"@type\":\"WebPage\",\"@id\":\"https:\/\/www.rubau.com\/ca\/compania\/\",\"url\":\"https:\/\/www.rubau.com\/ca\/compania\/\",\"name\":\"Companyia - Rubau\",\"isPartOf\":{\"@id\":\"https:\/\/www.rubau.com\/#website\"},\"datePublished\":\"2015-09-23T13:57:43+00:00\",\"dateModified\":\"2016-04-08T10:13:42+00:00\",\"breadcrumb\":{\"@id\":\"https:\/\/www.rubau.com\/ca\/compania\/#breadcrumb\"},\"inLanguage\":\"ca\",\"potentialAction\":[{\"@type\":\"ReadAction\",\"target\":[\"https:\/\/www.rubau.com\/ca\/compania\/\"]}]},{\"@type\":\"BreadcrumbList\",\"@id\":\"https:\/\/www.rubau.com\/ca\/compania\/#breadcrumb\",\"itemListElement\":[{\"@type\":\"ListItem\",\"position\":1,\"name\":\"Portada\",\"item\":\"https:\/\/www.rubau.com\/\"},{\"@type\":\"ListItem\",\"position\":2,\"name\":\"Companyia\"}]},{\"@type\":\"WebSite\",\"@id\":\"https:\/\/www.rubau.com\/#website\",\"url\":\"https:\/\/www.rubau.com\/\",\"name\":\"Rubau\",\"description\":\"Construccions RUBAU\",\"publisher\":{\"@id\":\"https:\/\/www.rubau.com\/#organization\"},\"potentialAction\":[{\"@type\":\"SearchAction\",\"target\":{\"@type\":\"EntryPoint\",\"urlTemplate\":\"https:\/\/www.rubau.com\/?s={search_term_string}\"},\"query-input\":{\"@type\":\"PropertyValueSpecification\",\"valueRequired\":true,\"valueName\":\"search_term_string\"}}],\"inLanguage\":\"ca\"},{\"@type\":\"Organization\",\"@id\":\"https:\/\/www.rubau.com\/#organization\",\"name\":\"Rubau\",\"url\":\"https:\/\/www.rubau.com\/\",\"logo\":{\"@type\":\"ImageObject\",\"inLanguage\":\"ca\",\"@id\":\"https:\/\/www.rubau.com\/#\/schema\/logo\/image\/\",\"url\":\"https:\/\/www.rubau.com\/wp-content\/uploads\/2024\/10\/Logo-CONSTRUCCIONS-RUBAU-ES1.png\",\"contentUrl\":\"https:\/\/www.rubau.com\/wp-content\/uploads\/2024\/10\/Logo-CONSTRUCCIONS-RUBAU-ES1.png\",\"width\":1010,\"height\":200,\"caption\":\"Rubau\"},\"image\":{\"@id\":\"https:\/\/www.rubau.com\/#\/schema\/logo\/image\/\"},\"sameAs\":[\"https:\/\/www.instagram.com\/construcciones_rubau\/\",\"https:\/\/www.linkedin.com\/company\/construcciones-rubau-s.a.\"]}]}<\/script>\n<!-- \/ Yoast SEO plugin. -->","yoast_head_json":{"title":"Companyia - Rubau","robots":{"index":"index","follow":"follow","max-snippet":"max-snippet:-1","max-image-preview":"max-image-preview:large","max-video-preview":"max-video-preview:-1"},"canonical":"https:\/\/www.rubau.com\/ca\/compania\/","og_locale":"ca_ES","og_type":"article","og_title":"Companyia - Rubau","og_description":"Construcciones Rubau, S.A., es defineix com una constructora moderna i compromesa, tant d\u2019obra civil com d\u2019edificaci\u00f3, implantada a tot el territori espanyol i amb una pres\u00e8ncia important a l\u2019exterior. Per a tot aix\u00f2, l\u2019empresa disposa de l\u2019aval que li d\u00f3na la seva traject\u00f2ria en el mercat, gr\u00e0cies al prestigi de l\u2019equip hum\u00e0 i t\u00e8cnic i [&hellip;]","og_url":"https:\/\/www.rubau.com\/ca\/compania\/","og_site_name":"Rubau","article_modified_time":"2016-04-08T10:13:42+00:00","twitter_card":"summary_large_image","twitter_misc":{"Temps estimat de lectura":"1 minut"},"schema":{"@context":"https:\/\/schema.org","@graph":[{"@type":"WebPage","@id":"https:\/\/www.rubau.com\/ca\/compania\/","url":"https:\/\/www.rubau.com\/ca\/compania\/","name":"Companyia - Rubau","isPartOf":{"@id":"https:\/\/www.rubau.com\/#website"},"datePublished":"2015-09-23T13:57:43+00:00","dateModified":"2016-04-08T10:13:42+00:00","breadcrumb":{"@id":"https:\/\/www.rubau.com\/ca\/compania\/#breadcrumb"},"inLanguage":"ca","potentialAction":[{"@type":"ReadAction","target":["https:\/\/www.rubau.com\/ca\/compania\/"]}]},{"@type":"BreadcrumbList","@id":"https:\/\/www.rubau.com\/ca\/compania\/#breadcrumb","itemListElement":[{"@type":"ListItem","position":1,"name":"Portada","item":"https:\/\/www.rubau.com\/"},{"@type":"ListItem","position":2,"name":"Companyia"}]},{"@type":"WebSite","@id":"https:\/\/www.rubau.com\/#website","url":"https:\/\/www.rubau.com\/","name":"Rubau","description":"Construccions RUBAU","publisher":{"@id":"https:\/\/www.rubau.com\/#organization"},"potentialAction":[{"@type":"SearchAction","target":{"@type":"EntryPoint","urlTemplate":"https:\/\/www.rubau.com\/?s={search_term_string}"},"query-input":{"@type":"PropertyValueSpecification","valueRequired":true,"valueName":"search_term_string"}}],"inLanguage":"ca"},{"@type":"Organization","@id":"https:\/\/www.rubau.com\/#organization","name":"Rubau","url":"https:\/\/www.rubau.com\/","logo":{"@type":"ImageObject","inLanguage":"ca","@id":"https:\/\/www.rubau.com\/#\/schema\/logo\/image\/","url":"https:\/\/www.rubau.com\/wp-content\/uploads\/2024\/10\/Logo-CONSTRUCCIONS-RUBAU-ES1.png","contentUrl":"https:\/\/www.rubau.com\/wp-content\/uploads\/2024\/10\/Logo-CONSTRUCCIONS-RUBAU-ES1.png","width":1010,"height":200,"caption":"Rubau"},"image":{"@id":"https:\/\/www.rubau.com\/#\/schema\/logo\/image\/"},"sameAs":["https:\/\/www.instagram.com\/construcciones_rubau\/","https:\/\/www.linkedin.com\/company\/construcciones-rubau-s.a."]}]}},"_links":{"self":[{"href":"https:\/\/www.rubau.com\/ca\/wp-json\/wp\/v2\/pages\/1045","targetHints":{"allow":["GET"]}}],"collection":[{"href":"https:\/\/www.rubau.com\/ca\/wp-json\/wp\/v2\/pages"}],"about":[{"href":"https:\/\/www.rubau.com\/ca\/wp-json\/wp\/v2\/types\/page"}],"author":[{"embeddable":true,"href":"https:\/\/www.rubau.com\/ca\/wp-json\/wp\/v2\/users\/1"}],"replies":[{"embeddable":true,"href":"https:\/\/www.rubau.com\/ca\/wp-json\/wp\/v2\/comments?post=1045"}],"version-history":[{"count":1,"href":"https:\/\/www.rubau.com\/ca\/wp-json\/wp\/v2\/pages\/1045\/revisions"}],"predecessor-version":[{"id":1046,"href":"https:\/\/www.rubau.com\/ca\/wp-json\/wp\/v2\/pages\/1045\/revisions\/1046"}],"wp:attachment":[{"href":"https:\/\/www.rubau.com\/ca\/wp-json\/wp\/v2\/media?parent=1045"}],"curies":[{"name":"wp","href":"https:\/\/api.w.org\/{rel}","templated":true}]}}