{"id":1053,"date":"2015-10-06T07:47:38","date_gmt":"2015-10-06T05:47:38","guid":{"rendered":"http:\/\/www.rubau.com\/areas-de-negocio\/concesionaria\/"},"modified":"2017-02-23T11:17:41","modified_gmt":"2017-02-23T10:17:41","slug":"concessionaria","status":"publish","type":"page","link":"https:\/\/www.rubau.com\/ca\/arees-de-negoci\/concessionaria\/","title":{"rendered":"Concession\u00e0ria"},"content":{"rendered":"<p>Rubau Concession\u00e0ria desenvolupa el seu negoci fonamentalment en l\u2019\u00e0rea d\u2019infraestructures del transport, immobili\u00e0ries, aparcaments i ports. Destaca la confian\u00e7a que aporta gr\u00e0cies a la fortalesa financera de la companyia i la vocaci\u00f3 de servei al client i a la societat en general.<\/p>\n<p>Actualment, a m\u00e9s, s\u2019han creat dues noves empreses concession\u00e0ries: <strong>Concesionaria Bicentenario<\/strong> i <strong>Viario<\/strong>, que aporten projectes nous, tant nacionals com internacionals.<\/p>\n","protected":false},"excerpt":{"rendered":"<p>Rubau Concession\u00e0ria desenvolupa el seu negoci fonamentalment en l\u2019\u00e0rea d\u2019infraestructures del transport, immobili\u00e0ries, aparcaments i ports. Destaca la confian\u00e7a que aporta gr\u00e0cies a la fortalesa financera de la companyia i la vocaci\u00f3 de servei al client i a la societat en general. Actualment, a m\u00e9s, s\u2019han creat dues noves empreses concession\u00e0ries: Concesionaria Bicentenario i Viario, [&hellip;]<\/p>\n","protected":false},"author":1,"featured_media":0,"parent":1049,"menu_order":0,"comment_status":"closed","ping_status":"closed","template":"page-business-int.php","meta":{"_acf_changed":false,"footnotes":""},"class_list":["post-1053","page","type-page","status-publish","hentry"],"acf":[],"yoast_head":"<!-- This site is optimized with the Yoast SEO plugin v26.5 - https:\/\/yoast.com\/wordpress\/plugins\/seo\/ -->\n<title>Concession\u00e0ria - Rubau<\/title>\n<meta name=\"robots\" content=\"index, follow, max-snippet:-1, max-image-preview:large, max-video-preview:-1\" \/>\n<link rel=\"canonical\" href=\"https:\/\/www.rubau.com\/ca\/arees-de-negoci\/concessionaria\/\" \/>\n<meta property=\"og:locale\" content=\"ca_ES\" \/>\n<meta property=\"og:type\" content=\"article\" \/>\n<meta property=\"og:title\" content=\"Concession\u00e0ria - Rubau\" \/>\n<meta property=\"og:description\" content=\"Rubau Concession\u00e0ria desenvolupa el seu negoci fonamentalment en l\u2019\u00e0rea d\u2019infraestructures del transport, immobili\u00e0ries, aparcaments i ports. Destaca la confian\u00e7a que aporta gr\u00e0cies a la fortalesa financera de la companyia i la vocaci\u00f3 de servei al client i a la societat en general. Actualment, a m\u00e9s, s\u2019han creat dues noves empreses concession\u00e0ries: Concesionaria Bicentenario i Viario, [&hellip;]\" \/>\n<meta property=\"og:url\" content=\"https:\/\/www.rubau.com\/ca\/arees-de-negoci\/concessionaria\/\" \/>\n<meta property=\"og:site_name\" content=\"Rubau\" \/>\n<meta property=\"article:modified_time\" content=\"2017-02-23T10:17:41+00:00\" \/>\n<meta name=\"twitter:card\" content=\"summary_large_image\" \/>\n<script type=\"application\/ld+json\" class=\"yoast-schema-graph\">{\"@context\":\"https:\/\/schema.org\",\"@graph\":[{\"@type\":\"WebPage\",\"@id\":\"https:\/\/www.rubau.com\/ca\/arees-de-negoci\/concessionaria\/\",\"url\":\"https:\/\/www.rubau.com\/ca\/arees-de-negoci\/concessionaria\/\",\"name\":\"Concession\u00e0ria - Rubau\",\"isPartOf\":{\"@id\":\"https:\/\/www.rubau.com\/#website\"},\"datePublished\":\"2015-10-06T05:47:38+00:00\",\"dateModified\":\"2017-02-23T10:17:41+00:00\",\"breadcrumb\":{\"@id\":\"https:\/\/www.rubau.com\/ca\/arees-de-negoci\/concessionaria\/#breadcrumb\"},\"inLanguage\":\"ca\",\"potentialAction\":[{\"@type\":\"ReadAction\",\"target\":[\"https:\/\/www.rubau.com\/ca\/arees-de-negoci\/concessionaria\/\"]}]},{\"@type\":\"BreadcrumbList\",\"@id\":\"https:\/\/www.rubau.com\/ca\/arees-de-negoci\/concessionaria\/#breadcrumb\",\"itemListElement\":[{\"@type\":\"ListItem\",\"position\":1,\"name\":\"Portada\",\"item\":\"https:\/\/www.rubau.com\/\"},{\"@type\":\"ListItem\",\"position\":2,\"name\":\"\u00c0rees de negoci\",\"item\":\"https:\/\/www.rubau.com\/ca\/arees-de-negoci\/\"},{\"@type\":\"ListItem\",\"position\":3,\"name\":\"Concession\u00e0ria\"}]},{\"@type\":\"WebSite\",\"@id\":\"https:\/\/www.rubau.com\/#website\",\"url\":\"https:\/\/www.rubau.com\/\",\"name\":\"Rubau\",\"description\":\"Construccions RUBAU\",\"publisher\":{\"@id\":\"https:\/\/www.rubau.com\/#organization\"},\"potentialAction\":[{\"@type\":\"SearchAction\",\"target\":{\"@type\":\"EntryPoint\",\"urlTemplate\":\"https:\/\/www.rubau.com\/?s={search_term_string}\"},\"query-input\":{\"@type\":\"PropertyValueSpecification\",\"valueRequired\":true,\"valueName\":\"search_term_string\"}}],\"inLanguage\":\"ca\"},{\"@type\":\"Organization\",\"@id\":\"https:\/\/www.rubau.com\/#organization\",\"name\":\"Rubau\",\"url\":\"https:\/\/www.rubau.com\/\",\"logo\":{\"@type\":\"ImageObject\",\"inLanguage\":\"ca\",\"@id\":\"https:\/\/www.rubau.com\/#\/schema\/logo\/image\/\",\"url\":\"https:\/\/www.rubau.com\/wp-content\/uploads\/2024\/10\/Logo-CONSTRUCCIONS-RUBAU-ES1.png\",\"contentUrl\":\"https:\/\/www.rubau.com\/wp-content\/uploads\/2024\/10\/Logo-CONSTRUCCIONS-RUBAU-ES1.png\",\"width\":1010,\"height\":200,\"caption\":\"Rubau\"},\"image\":{\"@id\":\"https:\/\/www.rubau.com\/#\/schema\/logo\/image\/\"},\"sameAs\":[\"https:\/\/www.instagram.com\/construcciones_rubau\/\",\"https:\/\/www.linkedin.com\/company\/construcciones-rubau-s.a.\"]}]}<\/script>\n<!-- \/ Yoast SEO plugin. -->","yoast_head_json":{"title":"Concession\u00e0ria - Rubau","robots":{"index":"index","follow":"follow","max-snippet":"max-snippet:-1","max-image-preview":"max-image-preview:large","max-video-preview":"max-video-preview:-1"},"canonical":"https:\/\/www.rubau.com\/ca\/arees-de-negoci\/concessionaria\/","og_locale":"ca_ES","og_type":"article","og_title":"Concession\u00e0ria - Rubau","og_description":"Rubau Concession\u00e0ria desenvolupa el seu negoci fonamentalment en l\u2019\u00e0rea d\u2019infraestructures del transport, immobili\u00e0ries, aparcaments i ports. Destaca la confian\u00e7a que aporta gr\u00e0cies a la fortalesa financera de la companyia i la vocaci\u00f3 de servei al client i a la societat en general. Actualment, a m\u00e9s, s\u2019han creat dues noves empreses concession\u00e0ries: Concesionaria Bicentenario i Viario, [&hellip;]","og_url":"https:\/\/www.rubau.com\/ca\/arees-de-negoci\/concessionaria\/","og_site_name":"Rubau","article_modified_time":"2017-02-23T10:17:41+00:00","twitter_card":"summary_large_image","schema":{"@context":"https:\/\/schema.org","@graph":[{"@type":"WebPage","@id":"https:\/\/www.rubau.com\/ca\/arees-de-negoci\/concessionaria\/","url":"https:\/\/www.rubau.com\/ca\/arees-de-negoci\/concessionaria\/","name":"Concession\u00e0ria - Rubau","isPartOf":{"@id":"https:\/\/www.rubau.com\/#website"},"datePublished":"2015-10-06T05:47:38+00:00","dateModified":"2017-02-23T10:17:41+00:00","breadcrumb":{"@id":"https:\/\/www.rubau.com\/ca\/arees-de-negoci\/concessionaria\/#breadcrumb"},"inLanguage":"ca","potentialAction":[{"@type":"ReadAction","target":["https:\/\/www.rubau.com\/ca\/arees-de-negoci\/concessionaria\/"]}]},{"@type":"BreadcrumbList","@id":"https:\/\/www.rubau.com\/ca\/arees-de-negoci\/concessionaria\/#breadcrumb","itemListElement":[{"@type":"ListItem","position":1,"name":"Portada","item":"https:\/\/www.rubau.com\/"},{"@type":"ListItem","position":2,"name":"\u00c0rees de negoci","item":"https:\/\/www.rubau.com\/ca\/arees-de-negoci\/"},{"@type":"ListItem","position":3,"name":"Concession\u00e0ria"}]},{"@type":"WebSite","@id":"https:\/\/www.rubau.com\/#website","url":"https:\/\/www.rubau.com\/","name":"Rubau","description":"Construccions RUBAU","publisher":{"@id":"https:\/\/www.rubau.com\/#organization"},"potentialAction":[{"@type":"SearchAction","target":{"@type":"EntryPoint","urlTemplate":"https:\/\/www.rubau.com\/?s={search_term_string}"},"query-input":{"@type":"PropertyValueSpecification","valueRequired":true,"valueName":"search_term_string"}}],"inLanguage":"ca"},{"@type":"Organization","@id":"https:\/\/www.rubau.com\/#organization","name":"Rubau","url":"https:\/\/www.rubau.com\/","logo":{"@type":"ImageObject","inLanguage":"ca","@id":"https:\/\/www.rubau.com\/#\/schema\/logo\/image\/","url":"https:\/\/www.rubau.com\/wp-content\/uploads\/2024\/10\/Logo-CONSTRUCCIONS-RUBAU-ES1.png","contentUrl":"https:\/\/www.rubau.com\/wp-content\/uploads\/2024\/10\/Logo-CONSTRUCCIONS-RUBAU-ES1.png","width":1010,"height":200,"caption":"Rubau"},"image":{"@id":"https:\/\/www.rubau.com\/#\/schema\/logo\/image\/"},"sameAs":["https:\/\/www.instagram.com\/construcciones_rubau\/","https:\/\/www.linkedin.com\/company\/construcciones-rubau-s.a."]}]}},"_links":{"self":[{"href":"https:\/\/www.rubau.com\/ca\/wp-json\/wp\/v2\/pages\/1053","targetHints":{"allow":["GET"]}}],"collection":[{"href":"https:\/\/www.rubau.com\/ca\/wp-json\/wp\/v2\/pages"}],"about":[{"href":"https:\/\/www.rubau.com\/ca\/wp-json\/wp\/v2\/types\/page"}],"author":[{"embeddable":true,"href":"https:\/\/www.rubau.com\/ca\/wp-json\/wp\/v2\/users\/1"}],"replies":[{"embeddable":true,"href":"https:\/\/www.rubau.com\/ca\/wp-json\/wp\/v2\/comments?post=1053"}],"version-history":[{"count":2,"href":"https:\/\/www.rubau.com\/ca\/wp-json\/wp\/v2\/pages\/1053\/revisions"}],"predecessor-version":[{"id":1233,"href":"https:\/\/www.rubau.com\/ca\/wp-json\/wp\/v2\/pages\/1053\/revisions\/1233"}],"up":[{"embeddable":true,"href":"https:\/\/www.rubau.com\/ca\/wp-json\/wp\/v2\/pages\/1049"}],"wp:attachment":[{"href":"https:\/\/www.rubau.com\/ca\/wp-json\/wp\/v2\/media?parent=1053"}],"curies":[{"name":"wp","href":"https:\/\/api.w.org\/{rel}","templated":true}]}}