{"id":1054,"date":"2015-10-06T07:46:09","date_gmt":"2015-10-06T05:46:09","guid":{"rendered":"http:\/\/www.rubau.com\/areas-de-negocio\/inmobiliaria\/"},"modified":"2016-04-19T13:25:40","modified_gmt":"2016-04-19T11:25:40","slug":"immobiliaria","status":"publish","type":"page","link":"https:\/\/www.rubau.com\/ca\/arees-de-negoci\/immobiliaria\/","title":{"rendered":"Immobili\u00e0ria"},"content":{"rendered":"<p>Rubau Immobili\u00e0ria centra fonamentalment la seva activitat en la promoci\u00f3 d\u2019habitatges. L\u2019activitat es distingeix per la seva introducci\u00f3 prudent en el mercat mitjan\u00e7ant promocions de qualitat, en qu\u00e8 cerca la m\u00e0xima satisfacci\u00f3 dels clients. Per a aix\u00f2 es busquen les millors implantacions geogr\u00e0fiques i uns nivells d\u2019acabats molt per sobre de les r\u00e0tios del sector.<\/p>\n","protected":false},"excerpt":{"rendered":"<p>Rubau Immobili\u00e0ria centra fonamentalment la seva activitat en la promoci\u00f3 d\u2019habitatges. L\u2019activitat es distingeix per la seva introducci\u00f3 prudent en el mercat mitjan\u00e7ant promocions de qualitat, en qu\u00e8 cerca la m\u00e0xima satisfacci\u00f3 dels clients. Per a aix\u00f2 es busquen les millors implantacions geogr\u00e0fiques i uns nivells d\u2019acabats molt per sobre de les r\u00e0tios del sector.<\/p>\n","protected":false},"author":1,"featured_media":0,"parent":1049,"menu_order":0,"comment_status":"closed","ping_status":"closed","template":"page-business-int.php","meta":{"_acf_changed":false,"footnotes":""},"class_list":["post-1054","page","type-page","status-publish","hentry"],"acf":[],"yoast_head":"<!-- This site is optimized with the Yoast SEO plugin v26.5 - https:\/\/yoast.com\/wordpress\/plugins\/seo\/ -->\n<title>Immobili\u00e0ria - Rubau<\/title>\n<meta name=\"robots\" content=\"index, follow, max-snippet:-1, max-image-preview:large, max-video-preview:-1\" \/>\n<link rel=\"canonical\" href=\"https:\/\/www.rubau.com\/ca\/arees-de-negoci\/immobiliaria\/\" \/>\n<meta property=\"og:locale\" content=\"ca_ES\" \/>\n<meta property=\"og:type\" content=\"article\" \/>\n<meta property=\"og:title\" content=\"Immobili\u00e0ria - Rubau\" \/>\n<meta property=\"og:description\" content=\"Rubau Immobili\u00e0ria centra fonamentalment la seva activitat en la promoci\u00f3 d\u2019habitatges. L\u2019activitat es distingeix per la seva introducci\u00f3 prudent en el mercat mitjan\u00e7ant promocions de qualitat, en qu\u00e8 cerca la m\u00e0xima satisfacci\u00f3 dels clients. Per a aix\u00f2 es busquen les millors implantacions geogr\u00e0fiques i uns nivells d\u2019acabats molt per sobre de les r\u00e0tios del sector.\" \/>\n<meta property=\"og:url\" content=\"https:\/\/www.rubau.com\/ca\/arees-de-negoci\/immobiliaria\/\" \/>\n<meta property=\"og:site_name\" content=\"Rubau\" \/>\n<meta property=\"article:modified_time\" content=\"2016-04-19T11:25:40+00:00\" \/>\n<meta name=\"twitter:card\" content=\"summary_large_image\" \/>\n<script type=\"application\/ld+json\" class=\"yoast-schema-graph\">{\"@context\":\"https:\/\/schema.org\",\"@graph\":[{\"@type\":\"WebPage\",\"@id\":\"https:\/\/www.rubau.com\/ca\/arees-de-negoci\/immobiliaria\/\",\"url\":\"https:\/\/www.rubau.com\/ca\/arees-de-negoci\/immobiliaria\/\",\"name\":\"Immobili\u00e0ria - Rubau\",\"isPartOf\":{\"@id\":\"https:\/\/www.rubau.com\/#website\"},\"datePublished\":\"2015-10-06T05:46:09+00:00\",\"dateModified\":\"2016-04-19T11:25:40+00:00\",\"breadcrumb\":{\"@id\":\"https:\/\/www.rubau.com\/ca\/arees-de-negoci\/immobiliaria\/#breadcrumb\"},\"inLanguage\":\"ca\",\"potentialAction\":[{\"@type\":\"ReadAction\",\"target\":[\"https:\/\/www.rubau.com\/ca\/arees-de-negoci\/immobiliaria\/\"]}]},{\"@type\":\"BreadcrumbList\",\"@id\":\"https:\/\/www.rubau.com\/ca\/arees-de-negoci\/immobiliaria\/#breadcrumb\",\"itemListElement\":[{\"@type\":\"ListItem\",\"position\":1,\"name\":\"Portada\",\"item\":\"https:\/\/www.rubau.com\/\"},{\"@type\":\"ListItem\",\"position\":2,\"name\":\"\u00c0rees de negoci\",\"item\":\"https:\/\/www.rubau.com\/ca\/arees-de-negoci\/\"},{\"@type\":\"ListItem\",\"position\":3,\"name\":\"Immobili\u00e0ria\"}]},{\"@type\":\"WebSite\",\"@id\":\"https:\/\/www.rubau.com\/#website\",\"url\":\"https:\/\/www.rubau.com\/\",\"name\":\"Rubau\",\"description\":\"Construccions RUBAU\",\"publisher\":{\"@id\":\"https:\/\/www.rubau.com\/#organization\"},\"potentialAction\":[{\"@type\":\"SearchAction\",\"target\":{\"@type\":\"EntryPoint\",\"urlTemplate\":\"https:\/\/www.rubau.com\/?s={search_term_string}\"},\"query-input\":{\"@type\":\"PropertyValueSpecification\",\"valueRequired\":true,\"valueName\":\"search_term_string\"}}],\"inLanguage\":\"ca\"},{\"@type\":\"Organization\",\"@id\":\"https:\/\/www.rubau.com\/#organization\",\"name\":\"Rubau\",\"url\":\"https:\/\/www.rubau.com\/\",\"logo\":{\"@type\":\"ImageObject\",\"inLanguage\":\"ca\",\"@id\":\"https:\/\/www.rubau.com\/#\/schema\/logo\/image\/\",\"url\":\"https:\/\/www.rubau.com\/wp-content\/uploads\/2024\/10\/Logo-CONSTRUCCIONS-RUBAU-ES1.png\",\"contentUrl\":\"https:\/\/www.rubau.com\/wp-content\/uploads\/2024\/10\/Logo-CONSTRUCCIONS-RUBAU-ES1.png\",\"width\":1010,\"height\":200,\"caption\":\"Rubau\"},\"image\":{\"@id\":\"https:\/\/www.rubau.com\/#\/schema\/logo\/image\/\"},\"sameAs\":[\"https:\/\/www.instagram.com\/construcciones_rubau\/\",\"https:\/\/www.linkedin.com\/company\/construcciones-rubau-s.a.\"]}]}<\/script>\n<!-- \/ Yoast SEO plugin. -->","yoast_head_json":{"title":"Immobili\u00e0ria - Rubau","robots":{"index":"index","follow":"follow","max-snippet":"max-snippet:-1","max-image-preview":"max-image-preview:large","max-video-preview":"max-video-preview:-1"},"canonical":"https:\/\/www.rubau.com\/ca\/arees-de-negoci\/immobiliaria\/","og_locale":"ca_ES","og_type":"article","og_title":"Immobili\u00e0ria - Rubau","og_description":"Rubau Immobili\u00e0ria centra fonamentalment la seva activitat en la promoci\u00f3 d\u2019habitatges. L\u2019activitat es distingeix per la seva introducci\u00f3 prudent en el mercat mitjan\u00e7ant promocions de qualitat, en qu\u00e8 cerca la m\u00e0xima satisfacci\u00f3 dels clients. Per a aix\u00f2 es busquen les millors implantacions geogr\u00e0fiques i uns nivells d\u2019acabats molt per sobre de les r\u00e0tios del sector.","og_url":"https:\/\/www.rubau.com\/ca\/arees-de-negoci\/immobiliaria\/","og_site_name":"Rubau","article_modified_time":"2016-04-19T11:25:40+00:00","twitter_card":"summary_large_image","schema":{"@context":"https:\/\/schema.org","@graph":[{"@type":"WebPage","@id":"https:\/\/www.rubau.com\/ca\/arees-de-negoci\/immobiliaria\/","url":"https:\/\/www.rubau.com\/ca\/arees-de-negoci\/immobiliaria\/","name":"Immobili\u00e0ria - Rubau","isPartOf":{"@id":"https:\/\/www.rubau.com\/#website"},"datePublished":"2015-10-06T05:46:09+00:00","dateModified":"2016-04-19T11:25:40+00:00","breadcrumb":{"@id":"https:\/\/www.rubau.com\/ca\/arees-de-negoci\/immobiliaria\/#breadcrumb"},"inLanguage":"ca","potentialAction":[{"@type":"ReadAction","target":["https:\/\/www.rubau.com\/ca\/arees-de-negoci\/immobiliaria\/"]}]},{"@type":"BreadcrumbList","@id":"https:\/\/www.rubau.com\/ca\/arees-de-negoci\/immobiliaria\/#breadcrumb","itemListElement":[{"@type":"ListItem","position":1,"name":"Portada","item":"https:\/\/www.rubau.com\/"},{"@type":"ListItem","position":2,"name":"\u00c0rees de negoci","item":"https:\/\/www.rubau.com\/ca\/arees-de-negoci\/"},{"@type":"ListItem","position":3,"name":"Immobili\u00e0ria"}]},{"@type":"WebSite","@id":"https:\/\/www.rubau.com\/#website","url":"https:\/\/www.rubau.com\/","name":"Rubau","description":"Construccions RUBAU","publisher":{"@id":"https:\/\/www.rubau.com\/#organization"},"potentialAction":[{"@type":"SearchAction","target":{"@type":"EntryPoint","urlTemplate":"https:\/\/www.rubau.com\/?s={search_term_string}"},"query-input":{"@type":"PropertyValueSpecification","valueRequired":true,"valueName":"search_term_string"}}],"inLanguage":"ca"},{"@type":"Organization","@id":"https:\/\/www.rubau.com\/#organization","name":"Rubau","url":"https:\/\/www.rubau.com\/","logo":{"@type":"ImageObject","inLanguage":"ca","@id":"https:\/\/www.rubau.com\/#\/schema\/logo\/image\/","url":"https:\/\/www.rubau.com\/wp-content\/uploads\/2024\/10\/Logo-CONSTRUCCIONS-RUBAU-ES1.png","contentUrl":"https:\/\/www.rubau.com\/wp-content\/uploads\/2024\/10\/Logo-CONSTRUCCIONS-RUBAU-ES1.png","width":1010,"height":200,"caption":"Rubau"},"image":{"@id":"https:\/\/www.rubau.com\/#\/schema\/logo\/image\/"},"sameAs":["https:\/\/www.instagram.com\/construcciones_rubau\/","https:\/\/www.linkedin.com\/company\/construcciones-rubau-s.a."]}]}},"_links":{"self":[{"href":"https:\/\/www.rubau.com\/ca\/wp-json\/wp\/v2\/pages\/1054","targetHints":{"allow":["GET"]}}],"collection":[{"href":"https:\/\/www.rubau.com\/ca\/wp-json\/wp\/v2\/pages"}],"about":[{"href":"https:\/\/www.rubau.com\/ca\/wp-json\/wp\/v2\/types\/page"}],"author":[{"embeddable":true,"href":"https:\/\/www.rubau.com\/ca\/wp-json\/wp\/v2\/users\/1"}],"replies":[{"embeddable":true,"href":"https:\/\/www.rubau.com\/ca\/wp-json\/wp\/v2\/comments?post=1054"}],"version-history":[{"count":2,"href":"https:\/\/www.rubau.com\/ca\/wp-json\/wp\/v2\/pages\/1054\/revisions"}],"predecessor-version":[{"id":1236,"href":"https:\/\/www.rubau.com\/ca\/wp-json\/wp\/v2\/pages\/1054\/revisions\/1236"}],"up":[{"embeddable":true,"href":"https:\/\/www.rubau.com\/ca\/wp-json\/wp\/v2\/pages\/1049"}],"wp:attachment":[{"href":"https:\/\/www.rubau.com\/ca\/wp-json\/wp\/v2\/media?parent=1054"}],"curies":[{"name":"wp","href":"https:\/\/api.w.org\/{rel}","templated":true}]}}