{"id":1055,"date":"2015-10-05T13:33:18","date_gmt":"2015-10-05T11:33:18","guid":{"rendered":"http:\/\/www.rubau.com\/areas-de-negocio\/otros-negocios\/"},"modified":"2023-10-27T13:29:22","modified_gmt":"2023-10-27T11:29:22","slug":"altres-negocis","status":"publish","type":"page","link":"https:\/\/www.rubau.com\/ca\/arees-de-negoci\/altres-negocis\/","title":{"rendered":"Altres"},"content":{"rendered":"<p id=\"tw-target-text\" class=\"tw-data-text tw-text-large tw-ta\" dir=\"ltr\" data-placeholder=\"Traducci\u00f3n\" data-ved=\"2ahUKEwium9GYjZaCAxXrTaQEHYCXCfMQ3ewLegQICBAQ\"><span class=\"Y2IQFc\" lang=\"ca\">Grup RUBAU desenvolupa solucions integrals per a la mobilitat, el transport, l&#8217;aigua (<a href=\"https:\/\/arema.com\/\" target=\"_blank\" rel=\"noopener\">AREMA<\/a>), les energies renovables (<a href=\"https:\/\/prenergy.es\/\" target=\"_blank\" rel=\"noopener\">PRENERGY<\/a>), la rehabilitaci\u00f3 d&#8217;edificis (<a href=\"https:\/\/contracta.net\/\" target=\"_blank\" rel=\"noopener\">CONTRACTA<\/a>), les mat\u00e8ries primeres (<a href=\"https:\/\/aridcal.com\/\" target=\"_blank\" rel=\"noopener\">ARIDCAL<\/a>) i els serveis immobiliaris. Sempre al servei de la societat des de la innovaci\u00f3, la sostenibilitat i la responsabilitat, contribu\u00efm al Benestar del Planeta i promovem l&#8217;Economia Circular.<\/span><\/p>\n","protected":false},"excerpt":{"rendered":"<p>Grup RUBAU desenvolupa solucions integrals per a la mobilitat, el transport, l&#8217;aigua (AREMA), les energies renovables (PRENERGY), la rehabilitaci\u00f3 d&#8217;edificis (CONTRACTA), les mat\u00e8ries primeres (ARIDCAL) i els serveis immobiliaris. Sempre al servei de la societat des de la innovaci\u00f3, la sostenibilitat i la responsabilitat, contribu\u00efm al Benestar del Planeta i promovem l&#8217;Economia Circular.<\/p>\n","protected":false},"author":1,"featured_media":0,"parent":1049,"menu_order":0,"comment_status":"closed","ping_status":"closed","template":"page-business-int.php","meta":{"_acf_changed":false,"footnotes":""},"class_list":["post-1055","page","type-page","status-publish","hentry"],"acf":[],"yoast_head":"<!-- This site is optimized with the Yoast SEO plugin v26.5 - https:\/\/yoast.com\/wordpress\/plugins\/seo\/ -->\n<title>Altres - Rubau<\/title>\n<meta name=\"robots\" content=\"index, follow, max-snippet:-1, max-image-preview:large, max-video-preview:-1\" \/>\n<link rel=\"canonical\" href=\"https:\/\/www.rubau.com\/ca\/arees-de-negoci\/altres-negocis\/\" \/>\n<meta property=\"og:locale\" content=\"ca_ES\" \/>\n<meta property=\"og:type\" content=\"article\" \/>\n<meta property=\"og:title\" content=\"Altres - Rubau\" \/>\n<meta property=\"og:description\" content=\"Grup RUBAU desenvolupa solucions integrals per a la mobilitat, el transport, l&#8217;aigua (AREMA), les energies renovables (PRENERGY), la rehabilitaci\u00f3 d&#8217;edificis (CONTRACTA), les mat\u00e8ries primeres (ARIDCAL) i els serveis immobiliaris. Sempre al servei de la societat des de la innovaci\u00f3, la sostenibilitat i la responsabilitat, contribu\u00efm al Benestar del Planeta i promovem l&#8217;Economia Circular.\" \/>\n<meta property=\"og:url\" content=\"https:\/\/www.rubau.com\/ca\/arees-de-negoci\/altres-negocis\/\" \/>\n<meta property=\"og:site_name\" content=\"Rubau\" \/>\n<meta property=\"article:modified_time\" content=\"2023-10-27T11:29:22+00:00\" \/>\n<meta name=\"twitter:card\" content=\"summary_large_image\" \/>\n<script type=\"application\/ld+json\" class=\"yoast-schema-graph\">{\"@context\":\"https:\/\/schema.org\",\"@graph\":[{\"@type\":\"WebPage\",\"@id\":\"https:\/\/www.rubau.com\/ca\/arees-de-negoci\/altres-negocis\/\",\"url\":\"https:\/\/www.rubau.com\/ca\/arees-de-negoci\/altres-negocis\/\",\"name\":\"Altres - Rubau\",\"isPartOf\":{\"@id\":\"https:\/\/www.rubau.com\/#website\"},\"datePublished\":\"2015-10-05T11:33:18+00:00\",\"dateModified\":\"2023-10-27T11:29:22+00:00\",\"breadcrumb\":{\"@id\":\"https:\/\/www.rubau.com\/ca\/arees-de-negoci\/altres-negocis\/#breadcrumb\"},\"inLanguage\":\"ca\",\"potentialAction\":[{\"@type\":\"ReadAction\",\"target\":[\"https:\/\/www.rubau.com\/ca\/arees-de-negoci\/altres-negocis\/\"]}]},{\"@type\":\"BreadcrumbList\",\"@id\":\"https:\/\/www.rubau.com\/ca\/arees-de-negoci\/altres-negocis\/#breadcrumb\",\"itemListElement\":[{\"@type\":\"ListItem\",\"position\":1,\"name\":\"Portada\",\"item\":\"https:\/\/www.rubau.com\/\"},{\"@type\":\"ListItem\",\"position\":2,\"name\":\"\u00c0rees de negoci\",\"item\":\"https:\/\/www.rubau.com\/ca\/arees-de-negoci\/\"},{\"@type\":\"ListItem\",\"position\":3,\"name\":\"Altres\"}]},{\"@type\":\"WebSite\",\"@id\":\"https:\/\/www.rubau.com\/#website\",\"url\":\"https:\/\/www.rubau.com\/\",\"name\":\"Rubau\",\"description\":\"Construccions RUBAU\",\"publisher\":{\"@id\":\"https:\/\/www.rubau.com\/#organization\"},\"potentialAction\":[{\"@type\":\"SearchAction\",\"target\":{\"@type\":\"EntryPoint\",\"urlTemplate\":\"https:\/\/www.rubau.com\/?s={search_term_string}\"},\"query-input\":{\"@type\":\"PropertyValueSpecification\",\"valueRequired\":true,\"valueName\":\"search_term_string\"}}],\"inLanguage\":\"ca\"},{\"@type\":\"Organization\",\"@id\":\"https:\/\/www.rubau.com\/#organization\",\"name\":\"Rubau\",\"url\":\"https:\/\/www.rubau.com\/\",\"logo\":{\"@type\":\"ImageObject\",\"inLanguage\":\"ca\",\"@id\":\"https:\/\/www.rubau.com\/#\/schema\/logo\/image\/\",\"url\":\"https:\/\/www.rubau.com\/wp-content\/uploads\/2024\/10\/Logo-CONSTRUCCIONS-RUBAU-ES1.png\",\"contentUrl\":\"https:\/\/www.rubau.com\/wp-content\/uploads\/2024\/10\/Logo-CONSTRUCCIONS-RUBAU-ES1.png\",\"width\":1010,\"height\":200,\"caption\":\"Rubau\"},\"image\":{\"@id\":\"https:\/\/www.rubau.com\/#\/schema\/logo\/image\/\"},\"sameAs\":[\"https:\/\/www.instagram.com\/construcciones_rubau\/\",\"https:\/\/www.linkedin.com\/company\/construcciones-rubau-s.a.\"]}]}<\/script>\n<!-- \/ Yoast SEO plugin. -->","yoast_head_json":{"title":"Altres - Rubau","robots":{"index":"index","follow":"follow","max-snippet":"max-snippet:-1","max-image-preview":"max-image-preview:large","max-video-preview":"max-video-preview:-1"},"canonical":"https:\/\/www.rubau.com\/ca\/arees-de-negoci\/altres-negocis\/","og_locale":"ca_ES","og_type":"article","og_title":"Altres - Rubau","og_description":"Grup RUBAU desenvolupa solucions integrals per a la mobilitat, el transport, l&#8217;aigua (AREMA), les energies renovables (PRENERGY), la rehabilitaci\u00f3 d&#8217;edificis (CONTRACTA), les mat\u00e8ries primeres (ARIDCAL) i els serveis immobiliaris. Sempre al servei de la societat des de la innovaci\u00f3, la sostenibilitat i la responsabilitat, contribu\u00efm al Benestar del Planeta i promovem l&#8217;Economia Circular.","og_url":"https:\/\/www.rubau.com\/ca\/arees-de-negoci\/altres-negocis\/","og_site_name":"Rubau","article_modified_time":"2023-10-27T11:29:22+00:00","twitter_card":"summary_large_image","schema":{"@context":"https:\/\/schema.org","@graph":[{"@type":"WebPage","@id":"https:\/\/www.rubau.com\/ca\/arees-de-negoci\/altres-negocis\/","url":"https:\/\/www.rubau.com\/ca\/arees-de-negoci\/altres-negocis\/","name":"Altres - Rubau","isPartOf":{"@id":"https:\/\/www.rubau.com\/#website"},"datePublished":"2015-10-05T11:33:18+00:00","dateModified":"2023-10-27T11:29:22+00:00","breadcrumb":{"@id":"https:\/\/www.rubau.com\/ca\/arees-de-negoci\/altres-negocis\/#breadcrumb"},"inLanguage":"ca","potentialAction":[{"@type":"ReadAction","target":["https:\/\/www.rubau.com\/ca\/arees-de-negoci\/altres-negocis\/"]}]},{"@type":"BreadcrumbList","@id":"https:\/\/www.rubau.com\/ca\/arees-de-negoci\/altres-negocis\/#breadcrumb","itemListElement":[{"@type":"ListItem","position":1,"name":"Portada","item":"https:\/\/www.rubau.com\/"},{"@type":"ListItem","position":2,"name":"\u00c0rees de negoci","item":"https:\/\/www.rubau.com\/ca\/arees-de-negoci\/"},{"@type":"ListItem","position":3,"name":"Altres"}]},{"@type":"WebSite","@id":"https:\/\/www.rubau.com\/#website","url":"https:\/\/www.rubau.com\/","name":"Rubau","description":"Construccions RUBAU","publisher":{"@id":"https:\/\/www.rubau.com\/#organization"},"potentialAction":[{"@type":"SearchAction","target":{"@type":"EntryPoint","urlTemplate":"https:\/\/www.rubau.com\/?s={search_term_string}"},"query-input":{"@type":"PropertyValueSpecification","valueRequired":true,"valueName":"search_term_string"}}],"inLanguage":"ca"},{"@type":"Organization","@id":"https:\/\/www.rubau.com\/#organization","name":"Rubau","url":"https:\/\/www.rubau.com\/","logo":{"@type":"ImageObject","inLanguage":"ca","@id":"https:\/\/www.rubau.com\/#\/schema\/logo\/image\/","url":"https:\/\/www.rubau.com\/wp-content\/uploads\/2024\/10\/Logo-CONSTRUCCIONS-RUBAU-ES1.png","contentUrl":"https:\/\/www.rubau.com\/wp-content\/uploads\/2024\/10\/Logo-CONSTRUCCIONS-RUBAU-ES1.png","width":1010,"height":200,"caption":"Rubau"},"image":{"@id":"https:\/\/www.rubau.com\/#\/schema\/logo\/image\/"},"sameAs":["https:\/\/www.instagram.com\/construcciones_rubau\/","https:\/\/www.linkedin.com\/company\/construcciones-rubau-s.a."]}]}},"_links":{"self":[{"href":"https:\/\/www.rubau.com\/ca\/wp-json\/wp\/v2\/pages\/1055","targetHints":{"allow":["GET"]}}],"collection":[{"href":"https:\/\/www.rubau.com\/ca\/wp-json\/wp\/v2\/pages"}],"about":[{"href":"https:\/\/www.rubau.com\/ca\/wp-json\/wp\/v2\/types\/page"}],"author":[{"embeddable":true,"href":"https:\/\/www.rubau.com\/ca\/wp-json\/wp\/v2\/users\/1"}],"replies":[{"embeddable":true,"href":"https:\/\/www.rubau.com\/ca\/wp-json\/wp\/v2\/comments?post=1055"}],"version-history":[{"count":4,"href":"https:\/\/www.rubau.com\/ca\/wp-json\/wp\/v2\/pages\/1055\/revisions"}],"predecessor-version":[{"id":1477,"href":"https:\/\/www.rubau.com\/ca\/wp-json\/wp\/v2\/pages\/1055\/revisions\/1477"}],"up":[{"embeddable":true,"href":"https:\/\/www.rubau.com\/ca\/wp-json\/wp\/v2\/pages\/1049"}],"wp:attachment":[{"href":"https:\/\/www.rubau.com\/ca\/wp-json\/wp\/v2\/media?parent=1055"}],"curies":[{"name":"wp","href":"https:\/\/api.w.org\/{rel}","templated":true}]}}