{"id":1069,"date":"2015-10-05T06:24:26","date_gmt":"2015-10-05T04:24:26","guid":{"rendered":"http:\/\/www.rubau.com\/compania\/grupo-rubau\/"},"modified":"2016-07-29T10:00:35","modified_gmt":"2016-07-29T08:00:35","slug":"grup-rubau","status":"publish","type":"page","link":"https:\/\/www.rubau.com\/ca\/compania\/grup-rubau\/","title":{"rendered":"Grup Rubau"},"content":{"rendered":"<h3>Grup Rubau es defineix com un grup empresarial modern, innovador, amb projecci\u00f3 i amb lideratge social, que centra la seva activitat b\u00e0sicament en tres grans \u00e0rees de negoci: Construcci\u00f3, Concession\u00e0ria i Immobili\u00e0ria.<\/h3>\n<p>Sense perdre la identitat pr\u00f2pia, el grup afronta, amb professionalitat i comprom\u00eds, els reptes del mercat, sempre al servei del client i de la societat en general.\u00a0El seu \u00e0mbit d\u2019actuaci\u00f3 \u00e9s tant el territori nacional com l\u2019internacional, ja que actualment desenvolupa un projecte d\u2019internacionalitzaci\u00f3 important, essencialment, en els continents americ\u00e0 i europeu.<\/p>\n<p>El pla estrat\u00e8gic del grup actual passa per un creixement sostenible gr\u00e0cies a la incorporaci\u00f3 de nous clients, a l\u2019expansi\u00f3 geogr\u00e0fica i a la creaci\u00f3 de noves \u00e0rees de negoci.<\/p>\n","protected":false},"excerpt":{"rendered":"<p>Grup Rubau es defineix com un grup empresarial modern, innovador, amb projecci\u00f3 i amb lideratge social, que centra la seva activitat b\u00e0sicament en tres grans \u00e0rees de negoci: Construcci\u00f3, Concession\u00e0ria i Immobili\u00e0ria. Sense perdre la identitat pr\u00f2pia, el grup afronta, amb professionalitat i comprom\u00eds, els reptes del mercat, sempre al servei del client i de [&hellip;]<\/p>\n","protected":false},"author":1,"featured_media":0,"parent":1045,"menu_order":0,"comment_status":"closed","ping_status":"closed","template":"page-rubaugroup.php","meta":{"_acf_changed":false,"footnotes":""},"class_list":["post-1069","page","type-page","status-publish","hentry"],"acf":[],"yoast_head":"<!-- This site is optimized with the Yoast SEO plugin v26.5 - https:\/\/yoast.com\/wordpress\/plugins\/seo\/ -->\n<title>Grup Rubau - Rubau<\/title>\n<meta name=\"robots\" content=\"index, follow, max-snippet:-1, max-image-preview:large, max-video-preview:-1\" \/>\n<link rel=\"canonical\" href=\"https:\/\/www.rubau.com\/ca\/compania\/grup-rubau\/\" \/>\n<meta property=\"og:locale\" content=\"ca_ES\" \/>\n<meta property=\"og:type\" content=\"article\" \/>\n<meta property=\"og:title\" content=\"Grup Rubau - Rubau\" \/>\n<meta property=\"og:description\" content=\"Grup Rubau es defineix com un grup empresarial modern, innovador, amb projecci\u00f3 i amb lideratge social, que centra la seva activitat b\u00e0sicament en tres grans \u00e0rees de negoci: Construcci\u00f3, Concession\u00e0ria i Immobili\u00e0ria. Sense perdre la identitat pr\u00f2pia, el grup afronta, amb professionalitat i comprom\u00eds, els reptes del mercat, sempre al servei del client i de [&hellip;]\" \/>\n<meta property=\"og:url\" content=\"https:\/\/www.rubau.com\/ca\/compania\/grup-rubau\/\" \/>\n<meta property=\"og:site_name\" content=\"Rubau\" \/>\n<meta property=\"article:modified_time\" content=\"2016-07-29T08:00:35+00:00\" \/>\n<meta name=\"twitter:card\" content=\"summary_large_image\" \/>\n<meta name=\"twitter:label1\" content=\"Temps estimat de lectura\" \/>\n\t<meta name=\"twitter:data1\" content=\"1 minut\" \/>\n<script type=\"application\/ld+json\" class=\"yoast-schema-graph\">{\"@context\":\"https:\/\/schema.org\",\"@graph\":[{\"@type\":\"WebPage\",\"@id\":\"https:\/\/www.rubau.com\/ca\/compania\/grup-rubau\/\",\"url\":\"https:\/\/www.rubau.com\/ca\/compania\/grup-rubau\/\",\"name\":\"Grup Rubau - Rubau\",\"isPartOf\":{\"@id\":\"https:\/\/www.rubau.com\/#website\"},\"datePublished\":\"2015-10-05T04:24:26+00:00\",\"dateModified\":\"2016-07-29T08:00:35+00:00\",\"breadcrumb\":{\"@id\":\"https:\/\/www.rubau.com\/ca\/compania\/grup-rubau\/#breadcrumb\"},\"inLanguage\":\"ca\",\"potentialAction\":[{\"@type\":\"ReadAction\",\"target\":[\"https:\/\/www.rubau.com\/ca\/compania\/grup-rubau\/\"]}]},{\"@type\":\"BreadcrumbList\",\"@id\":\"https:\/\/www.rubau.com\/ca\/compania\/grup-rubau\/#breadcrumb\",\"itemListElement\":[{\"@type\":\"ListItem\",\"position\":1,\"name\":\"Portada\",\"item\":\"https:\/\/www.rubau.com\/\"},{\"@type\":\"ListItem\",\"position\":2,\"name\":\"Companyia\",\"item\":\"https:\/\/www.rubau.com\/ca\/compania\/\"},{\"@type\":\"ListItem\",\"position\":3,\"name\":\"Grup Rubau\"}]},{\"@type\":\"WebSite\",\"@id\":\"https:\/\/www.rubau.com\/#website\",\"url\":\"https:\/\/www.rubau.com\/\",\"name\":\"Rubau\",\"description\":\"Construccions RUBAU\",\"publisher\":{\"@id\":\"https:\/\/www.rubau.com\/#organization\"},\"potentialAction\":[{\"@type\":\"SearchAction\",\"target\":{\"@type\":\"EntryPoint\",\"urlTemplate\":\"https:\/\/www.rubau.com\/?s={search_term_string}\"},\"query-input\":{\"@type\":\"PropertyValueSpecification\",\"valueRequired\":true,\"valueName\":\"search_term_string\"}}],\"inLanguage\":\"ca\"},{\"@type\":\"Organization\",\"@id\":\"https:\/\/www.rubau.com\/#organization\",\"name\":\"Rubau\",\"url\":\"https:\/\/www.rubau.com\/\",\"logo\":{\"@type\":\"ImageObject\",\"inLanguage\":\"ca\",\"@id\":\"https:\/\/www.rubau.com\/#\/schema\/logo\/image\/\",\"url\":\"https:\/\/www.rubau.com\/wp-content\/uploads\/2024\/10\/Logo-CONSTRUCCIONS-RUBAU-ES1.png\",\"contentUrl\":\"https:\/\/www.rubau.com\/wp-content\/uploads\/2024\/10\/Logo-CONSTRUCCIONS-RUBAU-ES1.png\",\"width\":1010,\"height\":200,\"caption\":\"Rubau\"},\"image\":{\"@id\":\"https:\/\/www.rubau.com\/#\/schema\/logo\/image\/\"},\"sameAs\":[\"https:\/\/www.instagram.com\/construcciones_rubau\/\",\"https:\/\/www.linkedin.com\/company\/construcciones-rubau-s.a.\"]}]}<\/script>\n<!-- \/ Yoast SEO plugin. -->","yoast_head_json":{"title":"Grup Rubau - Rubau","robots":{"index":"index","follow":"follow","max-snippet":"max-snippet:-1","max-image-preview":"max-image-preview:large","max-video-preview":"max-video-preview:-1"},"canonical":"https:\/\/www.rubau.com\/ca\/compania\/grup-rubau\/","og_locale":"ca_ES","og_type":"article","og_title":"Grup Rubau - Rubau","og_description":"Grup Rubau es defineix com un grup empresarial modern, innovador, amb projecci\u00f3 i amb lideratge social, que centra la seva activitat b\u00e0sicament en tres grans \u00e0rees de negoci: Construcci\u00f3, Concession\u00e0ria i Immobili\u00e0ria. Sense perdre la identitat pr\u00f2pia, el grup afronta, amb professionalitat i comprom\u00eds, els reptes del mercat, sempre al servei del client i de [&hellip;]","og_url":"https:\/\/www.rubau.com\/ca\/compania\/grup-rubau\/","og_site_name":"Rubau","article_modified_time":"2016-07-29T08:00:35+00:00","twitter_card":"summary_large_image","twitter_misc":{"Temps estimat de lectura":"1 minut"},"schema":{"@context":"https:\/\/schema.org","@graph":[{"@type":"WebPage","@id":"https:\/\/www.rubau.com\/ca\/compania\/grup-rubau\/","url":"https:\/\/www.rubau.com\/ca\/compania\/grup-rubau\/","name":"Grup Rubau - Rubau","isPartOf":{"@id":"https:\/\/www.rubau.com\/#website"},"datePublished":"2015-10-05T04:24:26+00:00","dateModified":"2016-07-29T08:00:35+00:00","breadcrumb":{"@id":"https:\/\/www.rubau.com\/ca\/compania\/grup-rubau\/#breadcrumb"},"inLanguage":"ca","potentialAction":[{"@type":"ReadAction","target":["https:\/\/www.rubau.com\/ca\/compania\/grup-rubau\/"]}]},{"@type":"BreadcrumbList","@id":"https:\/\/www.rubau.com\/ca\/compania\/grup-rubau\/#breadcrumb","itemListElement":[{"@type":"ListItem","position":1,"name":"Portada","item":"https:\/\/www.rubau.com\/"},{"@type":"ListItem","position":2,"name":"Companyia","item":"https:\/\/www.rubau.com\/ca\/compania\/"},{"@type":"ListItem","position":3,"name":"Grup Rubau"}]},{"@type":"WebSite","@id":"https:\/\/www.rubau.com\/#website","url":"https:\/\/www.rubau.com\/","name":"Rubau","description":"Construccions RUBAU","publisher":{"@id":"https:\/\/www.rubau.com\/#organization"},"potentialAction":[{"@type":"SearchAction","target":{"@type":"EntryPoint","urlTemplate":"https:\/\/www.rubau.com\/?s={search_term_string}"},"query-input":{"@type":"PropertyValueSpecification","valueRequired":true,"valueName":"search_term_string"}}],"inLanguage":"ca"},{"@type":"Organization","@id":"https:\/\/www.rubau.com\/#organization","name":"Rubau","url":"https:\/\/www.rubau.com\/","logo":{"@type":"ImageObject","inLanguage":"ca","@id":"https:\/\/www.rubau.com\/#\/schema\/logo\/image\/","url":"https:\/\/www.rubau.com\/wp-content\/uploads\/2024\/10\/Logo-CONSTRUCCIONS-RUBAU-ES1.png","contentUrl":"https:\/\/www.rubau.com\/wp-content\/uploads\/2024\/10\/Logo-CONSTRUCCIONS-RUBAU-ES1.png","width":1010,"height":200,"caption":"Rubau"},"image":{"@id":"https:\/\/www.rubau.com\/#\/schema\/logo\/image\/"},"sameAs":["https:\/\/www.instagram.com\/construcciones_rubau\/","https:\/\/www.linkedin.com\/company\/construcciones-rubau-s.a."]}]}},"_links":{"self":[{"href":"https:\/\/www.rubau.com\/ca\/wp-json\/wp\/v2\/pages\/1069","targetHints":{"allow":["GET"]}}],"collection":[{"href":"https:\/\/www.rubau.com\/ca\/wp-json\/wp\/v2\/pages"}],"about":[{"href":"https:\/\/www.rubau.com\/ca\/wp-json\/wp\/v2\/types\/page"}],"author":[{"embeddable":true,"href":"https:\/\/www.rubau.com\/ca\/wp-json\/wp\/v2\/users\/1"}],"replies":[{"embeddable":true,"href":"https:\/\/www.rubau.com\/ca\/wp-json\/wp\/v2\/comments?post=1069"}],"version-history":[{"count":2,"href":"https:\/\/www.rubau.com\/ca\/wp-json\/wp\/v2\/pages\/1069\/revisions"}],"predecessor-version":[{"id":1478,"href":"https:\/\/www.rubau.com\/ca\/wp-json\/wp\/v2\/pages\/1069\/revisions\/1478"}],"up":[{"embeddable":true,"href":"https:\/\/www.rubau.com\/ca\/wp-json\/wp\/v2\/pages\/1045"}],"wp:attachment":[{"href":"https:\/\/www.rubau.com\/ca\/wp-json\/wp\/v2\/media?parent=1069"}],"curies":[{"name":"wp","href":"https:\/\/api.w.org\/{rel}","templated":true}]}}