{"id":1087,"date":"2015-10-05T06:27:49","date_gmt":"2015-10-05T04:27:49","guid":{"rendered":"http:\/\/www.rubau.com\/compania\/historia\/"},"modified":"2022-05-03T13:09:50","modified_gmt":"2022-05-03T11:09:50","slug":"historia","status":"publish","type":"page","link":"https:\/\/www.rubau.com\/ca\/compania\/historia\/","title":{"rendered":"Hist\u00f2ria"},"content":{"rendered":"<h2>CONSTRUCCIONS RUBAU, SA va ser fundada per Joan Rubau (Fontclara, 8 d&#8217;agost de 1908-Fla\u00e7\u00e0, novembre de 1971) als anys cinquanta, al principi del desenvolupament tur\u00edstic i industrial de Catalunya.<\/h2>\n<p>L\u2019origen de la companyia como sociedad an\u00f3nima se situa l\u2019any 1962 amb el guiatge de Joan Rubau. La seva activitat girava entorn de l\u2019obra civil i, en concret, de la construcci\u00f3 d\u2019infraestructures: carreteres, pol\u00edgons i urbanitzacions.<\/p>\n<p>En una segona fase, el seu fill Jordi Rubau (Fla\u00e7\u00e0, 30 de mar\u00e7 de 1944 &#8211; Girona, 16 de novembre de 2021) es fa c\u00e0rrec de CONSTRUCCIONS RUBAU com a president durant 45 anys i impulsa la companyia fins a liderar el sector de la construcci\u00f3 a la prov\u00edncia de Girona. A partir del 1994, l\u2019activitat de l\u2019empresa s\u2019est\u00e9n a la resta de Catalunya i a Madrid. A m\u00e9s, es diversifica fins a abastar totes les \u00e0rees relacionades amb l\u2019obra civil i l\u2019edificaci\u00f3, i lidera obres emblem\u00e0tiques en tot el seu \u00e0mbit d\u2019actuaci\u00f3.<\/p>\n<p>El 2008, Jordi Rubau aposta per la internacionalitzaci\u00f3 de la companyia i la implantaci\u00f3 arriba a vuit pa\u00efsos, repartits entre el continent europeu i l\u2019americ\u00e0. Paral\u00b7lelament, es desenvolupa l\u2019activitat concession\u00e0ria d\u2019infraestructures, tant nacional com internacional, i la companyia es converteix en una de les constructores m\u00e9s importants de Catalunya, un referent per la qualitat i la satisfacci\u00f3 del client en totes les seves actuacions.<\/p>\n<p>Actualment, el Grup RUBAU dirigeix la seva estrat\u00e8gia cap a la diversificaci\u00f3 del negoci, l\u2019economia circular i el respecte pel medi ambient. D\u2019aquesta manera, el Grup ha incorporat empreses com Prenergy, Arema i Contracta, i impulsa un proc\u00e9s continu d\u2019innovaci\u00f3 i de creixement sostenible.<\/p>\n","protected":false},"excerpt":{"rendered":"<p>CONSTRUCCIONS RUBAU, SA va ser fundada per Joan Rubau (Fontclara, 8 d&#8217;agost de 1908-Fla\u00e7\u00e0, novembre de 1971) als anys cinquanta, al principi del desenvolupament tur\u00edstic i industrial de Catalunya. L\u2019origen de la companyia como sociedad an\u00f3nima se situa l\u2019any 1962 amb el guiatge de Joan Rubau. La seva activitat girava entorn de l\u2019obra civil i, [&hellip;]<\/p>\n","protected":false},"author":1,"featured_media":0,"parent":1045,"menu_order":0,"comment_status":"closed","ping_status":"closed","template":"page-background.php","meta":{"_acf_changed":false,"footnotes":""},"class_list":["post-1087","page","type-page","status-publish","hentry"],"acf":[],"yoast_head":"<!-- This site is optimized with the Yoast SEO plugin v26.5 - https:\/\/yoast.com\/wordpress\/plugins\/seo\/ -->\n<title>Hist\u00f2ria - Rubau<\/title>\n<meta name=\"robots\" content=\"index, follow, max-snippet:-1, max-image-preview:large, max-video-preview:-1\" \/>\n<link rel=\"canonical\" href=\"https:\/\/www.rubau.com\/ca\/compania\/historia\/\" \/>\n<meta property=\"og:locale\" content=\"ca_ES\" \/>\n<meta property=\"og:type\" content=\"article\" \/>\n<meta property=\"og:title\" content=\"Hist\u00f2ria - Rubau\" \/>\n<meta property=\"og:description\" content=\"CONSTRUCCIONS RUBAU, SA va ser fundada per Joan Rubau (Fontclara, 8 d&#8217;agost de 1908-Fla\u00e7\u00e0, novembre de 1971) als anys cinquanta, al principi del desenvolupament tur\u00edstic i industrial de Catalunya. L\u2019origen de la companyia como sociedad an\u00f3nima se situa l\u2019any 1962 amb el guiatge de Joan Rubau. La seva activitat girava entorn de l\u2019obra civil i, [&hellip;]\" \/>\n<meta property=\"og:url\" content=\"https:\/\/www.rubau.com\/ca\/compania\/historia\/\" \/>\n<meta property=\"og:site_name\" content=\"Rubau\" \/>\n<meta property=\"article:modified_time\" content=\"2022-05-03T11:09:50+00:00\" \/>\n<meta name=\"twitter:card\" content=\"summary_large_image\" \/>\n<meta name=\"twitter:label1\" content=\"Temps estimat de lectura\" \/>\n\t<meta name=\"twitter:data1\" content=\"1 minut\" \/>\n<script type=\"application\/ld+json\" class=\"yoast-schema-graph\">{\"@context\":\"https:\/\/schema.org\",\"@graph\":[{\"@type\":\"WebPage\",\"@id\":\"https:\/\/www.rubau.com\/ca\/compania\/historia\/\",\"url\":\"https:\/\/www.rubau.com\/ca\/compania\/historia\/\",\"name\":\"Hist\u00f2ria - Rubau\",\"isPartOf\":{\"@id\":\"https:\/\/www.rubau.com\/#website\"},\"datePublished\":\"2015-10-05T04:27:49+00:00\",\"dateModified\":\"2022-05-03T11:09:50+00:00\",\"breadcrumb\":{\"@id\":\"https:\/\/www.rubau.com\/ca\/compania\/historia\/#breadcrumb\"},\"inLanguage\":\"ca\",\"potentialAction\":[{\"@type\":\"ReadAction\",\"target\":[\"https:\/\/www.rubau.com\/ca\/compania\/historia\/\"]}]},{\"@type\":\"BreadcrumbList\",\"@id\":\"https:\/\/www.rubau.com\/ca\/compania\/historia\/#breadcrumb\",\"itemListElement\":[{\"@type\":\"ListItem\",\"position\":1,\"name\":\"Portada\",\"item\":\"https:\/\/www.rubau.com\/\"},{\"@type\":\"ListItem\",\"position\":2,\"name\":\"Companyia\",\"item\":\"https:\/\/www.rubau.com\/ca\/compania\/\"},{\"@type\":\"ListItem\",\"position\":3,\"name\":\"Hist\u00f2ria\"}]},{\"@type\":\"WebSite\",\"@id\":\"https:\/\/www.rubau.com\/#website\",\"url\":\"https:\/\/www.rubau.com\/\",\"name\":\"Rubau\",\"description\":\"Construccions RUBAU\",\"publisher\":{\"@id\":\"https:\/\/www.rubau.com\/#organization\"},\"potentialAction\":[{\"@type\":\"SearchAction\",\"target\":{\"@type\":\"EntryPoint\",\"urlTemplate\":\"https:\/\/www.rubau.com\/?s={search_term_string}\"},\"query-input\":{\"@type\":\"PropertyValueSpecification\",\"valueRequired\":true,\"valueName\":\"search_term_string\"}}],\"inLanguage\":\"ca\"},{\"@type\":\"Organization\",\"@id\":\"https:\/\/www.rubau.com\/#organization\",\"name\":\"Rubau\",\"url\":\"https:\/\/www.rubau.com\/\",\"logo\":{\"@type\":\"ImageObject\",\"inLanguage\":\"ca\",\"@id\":\"https:\/\/www.rubau.com\/#\/schema\/logo\/image\/\",\"url\":\"https:\/\/www.rubau.com\/wp-content\/uploads\/2024\/10\/Logo-CONSTRUCCIONS-RUBAU-ES1.png\",\"contentUrl\":\"https:\/\/www.rubau.com\/wp-content\/uploads\/2024\/10\/Logo-CONSTRUCCIONS-RUBAU-ES1.png\",\"width\":1010,\"height\":200,\"caption\":\"Rubau\"},\"image\":{\"@id\":\"https:\/\/www.rubau.com\/#\/schema\/logo\/image\/\"},\"sameAs\":[\"https:\/\/www.instagram.com\/construcciones_rubau\/\",\"https:\/\/www.linkedin.com\/company\/construcciones-rubau-s.a.\"]}]}<\/script>\n<!-- \/ Yoast SEO plugin. -->","yoast_head_json":{"title":"Hist\u00f2ria - Rubau","robots":{"index":"index","follow":"follow","max-snippet":"max-snippet:-1","max-image-preview":"max-image-preview:large","max-video-preview":"max-video-preview:-1"},"canonical":"https:\/\/www.rubau.com\/ca\/compania\/historia\/","og_locale":"ca_ES","og_type":"article","og_title":"Hist\u00f2ria - Rubau","og_description":"CONSTRUCCIONS RUBAU, SA va ser fundada per Joan Rubau (Fontclara, 8 d&#8217;agost de 1908-Fla\u00e7\u00e0, novembre de 1971) als anys cinquanta, al principi del desenvolupament tur\u00edstic i industrial de Catalunya. L\u2019origen de la companyia como sociedad an\u00f3nima se situa l\u2019any 1962 amb el guiatge de Joan Rubau. La seva activitat girava entorn de l\u2019obra civil i, [&hellip;]","og_url":"https:\/\/www.rubau.com\/ca\/compania\/historia\/","og_site_name":"Rubau","article_modified_time":"2022-05-03T11:09:50+00:00","twitter_card":"summary_large_image","twitter_misc":{"Temps estimat de lectura":"1 minut"},"schema":{"@context":"https:\/\/schema.org","@graph":[{"@type":"WebPage","@id":"https:\/\/www.rubau.com\/ca\/compania\/historia\/","url":"https:\/\/www.rubau.com\/ca\/compania\/historia\/","name":"Hist\u00f2ria - Rubau","isPartOf":{"@id":"https:\/\/www.rubau.com\/#website"},"datePublished":"2015-10-05T04:27:49+00:00","dateModified":"2022-05-03T11:09:50+00:00","breadcrumb":{"@id":"https:\/\/www.rubau.com\/ca\/compania\/historia\/#breadcrumb"},"inLanguage":"ca","potentialAction":[{"@type":"ReadAction","target":["https:\/\/www.rubau.com\/ca\/compania\/historia\/"]}]},{"@type":"BreadcrumbList","@id":"https:\/\/www.rubau.com\/ca\/compania\/historia\/#breadcrumb","itemListElement":[{"@type":"ListItem","position":1,"name":"Portada","item":"https:\/\/www.rubau.com\/"},{"@type":"ListItem","position":2,"name":"Companyia","item":"https:\/\/www.rubau.com\/ca\/compania\/"},{"@type":"ListItem","position":3,"name":"Hist\u00f2ria"}]},{"@type":"WebSite","@id":"https:\/\/www.rubau.com\/#website","url":"https:\/\/www.rubau.com\/","name":"Rubau","description":"Construccions RUBAU","publisher":{"@id":"https:\/\/www.rubau.com\/#organization"},"potentialAction":[{"@type":"SearchAction","target":{"@type":"EntryPoint","urlTemplate":"https:\/\/www.rubau.com\/?s={search_term_string}"},"query-input":{"@type":"PropertyValueSpecification","valueRequired":true,"valueName":"search_term_string"}}],"inLanguage":"ca"},{"@type":"Organization","@id":"https:\/\/www.rubau.com\/#organization","name":"Rubau","url":"https:\/\/www.rubau.com\/","logo":{"@type":"ImageObject","inLanguage":"ca","@id":"https:\/\/www.rubau.com\/#\/schema\/logo\/image\/","url":"https:\/\/www.rubau.com\/wp-content\/uploads\/2024\/10\/Logo-CONSTRUCCIONS-RUBAU-ES1.png","contentUrl":"https:\/\/www.rubau.com\/wp-content\/uploads\/2024\/10\/Logo-CONSTRUCCIONS-RUBAU-ES1.png","width":1010,"height":200,"caption":"Rubau"},"image":{"@id":"https:\/\/www.rubau.com\/#\/schema\/logo\/image\/"},"sameAs":["https:\/\/www.instagram.com\/construcciones_rubau\/","https:\/\/www.linkedin.com\/company\/construcciones-rubau-s.a."]}]}},"_links":{"self":[{"href":"https:\/\/www.rubau.com\/ca\/wp-json\/wp\/v2\/pages\/1087","targetHints":{"allow":["GET"]}}],"collection":[{"href":"https:\/\/www.rubau.com\/ca\/wp-json\/wp\/v2\/pages"}],"about":[{"href":"https:\/\/www.rubau.com\/ca\/wp-json\/wp\/v2\/types\/page"}],"author":[{"embeddable":true,"href":"https:\/\/www.rubau.com\/ca\/wp-json\/wp\/v2\/users\/1"}],"replies":[{"embeddable":true,"href":"https:\/\/www.rubau.com\/ca\/wp-json\/wp\/v2\/comments?post=1087"}],"version-history":[{"count":2,"href":"https:\/\/www.rubau.com\/ca\/wp-json\/wp\/v2\/pages\/1087\/revisions"}],"predecessor-version":[{"id":1479,"href":"https:\/\/www.rubau.com\/ca\/wp-json\/wp\/v2\/pages\/1087\/revisions\/1479"}],"up":[{"embeddable":true,"href":"https:\/\/www.rubau.com\/ca\/wp-json\/wp\/v2\/pages\/1045"}],"wp:attachment":[{"href":"https:\/\/www.rubau.com\/ca\/wp-json\/wp\/v2\/media?parent=1087"}],"curies":[{"name":"wp","href":"https:\/\/api.w.org\/{rel}","templated":true}]}}