{"id":1282,"date":"2015-10-05T07:03:53","date_gmt":"2015-10-05T05:03:53","guid":{"rendered":"http:\/\/www.rubau.com\/compromis\/calidad\/"},"modified":"2026-02-12T12:55:43","modified_gmt":"2026-02-12T11:55:43","slug":"qualitat","status":"publish","type":"page","link":"https:\/\/www.rubau.com\/ca\/compromis\/qualitat\/","title":{"rendered":"Qualitat"},"content":{"rendered":"<h2>On m\u00e9s esfor\u00e7os ha invertit la companyia \u00e9s en el terreny de la qualitat, en l\u2019adequaci\u00f3 al client i a les seves necessitats.<\/h2>\n<p>D\u2019aquesta manera, l\u2019any 2000 es va implantar un sistema de qualitat total, d\u2019acord amb el model europeu EFQM (Fundaci\u00f3 Europea per a la Gesti\u00f3 de la Qualitat) que ha perm\u00e8s implantar sistemes de millora cont\u00ednua en l\u2019organitzaci\u00f3 i estructurar els processos amb efic\u00e0cia i efici\u00e8ncia demostrades. Aix\u00ed mateix, Rubau est\u00e0 certificada d\u2019acord amb la norma ISO 9001, i \u00e9s la primera constructora espanyola que aconsegueix aquesta certificaci\u00f3.<\/p>\n<p>En l\u2019\u00e0mbit de la gesti\u00f3, destaquen els sistemes de control de qualitat (sistema de gesti\u00f3 integrat o SGI, \u00e0mpliament reconegut a l\u2019Estat espanyol) i el sistema de control de costos. D\u2019altra banda, el sistema organitzatiu de l\u2019empresa preveu no nom\u00e9s satisfer el client extern sin\u00f3 tamb\u00e9 l\u2019intern, cosa que ha perm\u00e8s el desenvolupament de programes de recursos humans d\u2019alt nivell encaminats al desenvolupament professional i personal dels membres de l\u2019organitzaci\u00f3 a trav\u00e9s de processos de formaci\u00f3 i informaci\u00f3 importants.<\/p>\n<p>Gr\u00e0cies al gran comprom\u00eds de Rubau amb la qualitat, l\u2019empresa ha rebut premis tan prestigiosos com el Premi a la Qualitat de la Generalitat de Catalunya, m\u00e0xim guard\u00f3 que en aquest camp s\u2019atorga a Catalunya.<\/p>\n<p>&nbsp;<\/p>\n<p><a href=\"https:\/\/www.rubau.com\/wp-content\/uploads\/2024\/09\/CertificadoER-0907-1997_ES_2024-09-10_page-0001.jpg\" target=\"_blank\" rel=\"noopener\" data-rel=\"lightbox-image-0\" data-rl_title=\"\" data-rl_caption=\"\" title=\"\"><img loading=\"lazy\" decoding=\"async\" class=\"aligncenter wp-image-5039 size-medium\" src=\"https:\/\/www.rubau.com\/wp-content\/uploads\/2024\/09\/CertificadoER-0907-1997_ES_2024-09-10_page-0001-212x300.jpg\" alt=\"\" width=\"212\" height=\"300\" \/><\/a>\u00a0\u00a0\u00a0<a href=\"https:\/\/www.rubau.com\/wp-content\/uploads\/2024\/09\/IQNetES-0907-1997_2024-09-10_pages-to-jpg-0001.jpg\" target=\"_blank\" rel=\"noopener\" data-rel=\"lightbox-image-1\" data-rl_title=\"\" data-rl_caption=\"\" title=\"\"><img loading=\"lazy\" decoding=\"async\" class=\"aligncenter wp-image-5042 size-medium\" src=\"https:\/\/www.rubau.com\/wp-content\/uploads\/2024\/09\/IQNetES-0907-1997_2024-09-10_pages-to-jpg-0001-212x300.jpg\" alt=\"\" width=\"212\" height=\"300\" \/><\/a><\/p>\n<p><strong>POL\u00cdTICA DE QUALITAT<\/strong><\/p>\n<ul>\n<li style=\"text-align: left;\">\n<p data-start=\"35\" data-end=\"301\">Assegurar als Clients que l\u2019Empresa disposa de sistemes i d\u2019una organitzaci\u00f3 que permetin assolir el nivell de qualitat exigit mitjan\u00e7ant un enfocament basat en processos, per mantenir el seu comprom\u00eds amb la millora cont\u00ednua i el compliment dels requisits legals.<\/p>\n<\/li>\n<li style=\"text-align: left;\">\n<p data-start=\"35\" data-end=\"301\">\n<p data-start=\"303\" data-end=\"528\">Aconseguir que la Qualitat sigui la base de la imatge de marca de l\u2019Empresa tant en les obres nacionals com en les internacionals, condici\u00f3 indispensable per al seu desenvolupament i per a la consecuci\u00f3 dels seus objectius.<\/p>\n<\/li>\n<li style=\"text-align: left;\">\n<p data-start=\"303\" data-end=\"528\">\n<p data-start=\"530\" data-end=\"620\">Consolidar la implantaci\u00f3 de l\u2019empresa a l\u2019estranger, en pa\u00efsos com ara M\u00e8xic i Pol\u00f2nia.<\/p>\n<\/li>\n<li style=\"text-align: left;\">\n<p data-start=\"530\" data-end=\"620\">\n<p data-start=\"622\" data-end=\"730\">Garantir a tot el personal el nivell de formaci\u00f3 necessari per al desenvolupament de les seves activitats.<\/p>\n<\/li>\n<li style=\"text-align: left;\">\n<p data-start=\"622\" data-end=\"730\">\n<p data-start=\"732\" data-end=\"895\" data-is-last-node=\"\" data-is-only-node=\"\">Obtenir un alt grau de satisfacci\u00f3 del client integrant l\u2019assoliment dels seus requisits i l\u2019an\u00e0lisi de les necessitats i expectatives de les parts interessades.<\/p>\n<\/li>\n<\/ul>\n","protected":false},"excerpt":{"rendered":"<p>On m\u00e9s esfor\u00e7os ha invertit la companyia \u00e9s en el terreny de la qualitat, en l\u2019adequaci\u00f3 al client i a les seves necessitats. D\u2019aquesta manera, l\u2019any 2000 es va implantar un sistema de qualitat total, d\u2019acord amb el model europeu EFQM (Fundaci\u00f3 Europea per a la Gesti\u00f3 de la Qualitat) que ha perm\u00e8s implantar sistemes [&hellip;]<\/p>\n","protected":false},"author":1,"featured_media":0,"parent":1257,"menu_order":0,"comment_status":"closed","ping_status":"closed","template":"page-quality.php","meta":{"_acf_changed":false,"footnotes":""},"class_list":["post-1282","page","type-page","status-publish","hentry"],"acf":[],"yoast_head":"<!-- This site is optimized with the Yoast SEO plugin v26.5 - https:\/\/yoast.com\/wordpress\/plugins\/seo\/ -->\n<title>Qualitat - Rubau<\/title>\n<meta name=\"robots\" content=\"index, follow, max-snippet:-1, max-image-preview:large, max-video-preview:-1\" \/>\n<link rel=\"canonical\" href=\"https:\/\/www.rubau.com\/ca\/compromis\/qualitat\/\" \/>\n<meta property=\"og:locale\" content=\"ca_ES\" \/>\n<meta property=\"og:type\" content=\"article\" \/>\n<meta property=\"og:title\" content=\"Qualitat - Rubau\" \/>\n<meta property=\"og:description\" content=\"On m\u00e9s esfor\u00e7os ha invertit la companyia \u00e9s en el terreny de la qualitat, en l\u2019adequaci\u00f3 al client i a les seves necessitats. D\u2019aquesta manera, l\u2019any 2000 es va implantar un sistema de qualitat total, d\u2019acord amb el model europeu EFQM (Fundaci\u00f3 Europea per a la Gesti\u00f3 de la Qualitat) que ha perm\u00e8s implantar sistemes [&hellip;]\" \/>\n<meta property=\"og:url\" content=\"https:\/\/www.rubau.com\/ca\/compromis\/qualitat\/\" \/>\n<meta property=\"og:site_name\" content=\"Rubau\" \/>\n<meta property=\"article:modified_time\" content=\"2026-02-12T11:55:43+00:00\" \/>\n<meta name=\"twitter:card\" content=\"summary_large_image\" \/>\n<meta name=\"twitter:label1\" content=\"Temps estimat de lectura\" \/>\n\t<meta name=\"twitter:data1\" content=\"2 minuts\" \/>\n<script type=\"application\/ld+json\" class=\"yoast-schema-graph\">{\"@context\":\"https:\/\/schema.org\",\"@graph\":[{\"@type\":\"WebPage\",\"@id\":\"https:\/\/www.rubau.com\/ca\/compromis\/qualitat\/\",\"url\":\"https:\/\/www.rubau.com\/ca\/compromis\/qualitat\/\",\"name\":\"Qualitat - Rubau\",\"isPartOf\":{\"@id\":\"https:\/\/www.rubau.com\/#website\"},\"primaryImageOfPage\":{\"@id\":\"https:\/\/www.rubau.com\/ca\/compromis\/qualitat\/#primaryimage\"},\"image\":{\"@id\":\"https:\/\/www.rubau.com\/ca\/compromis\/qualitat\/#primaryimage\"},\"thumbnailUrl\":\"https:\/\/www.rubau.com\/wp-content\/uploads\/2024\/09\/CertificadoER-0907-1997_ES_2024-09-10_page-0001-212x300.jpg\",\"datePublished\":\"2015-10-05T05:03:53+00:00\",\"dateModified\":\"2026-02-12T11:55:43+00:00\",\"breadcrumb\":{\"@id\":\"https:\/\/www.rubau.com\/ca\/compromis\/qualitat\/#breadcrumb\"},\"inLanguage\":\"ca\",\"potentialAction\":[{\"@type\":\"ReadAction\",\"target\":[\"https:\/\/www.rubau.com\/ca\/compromis\/qualitat\/\"]}]},{\"@type\":\"ImageObject\",\"inLanguage\":\"ca\",\"@id\":\"https:\/\/www.rubau.com\/ca\/compromis\/qualitat\/#primaryimage\",\"url\":\"https:\/\/www.rubau.com\/wp-content\/uploads\/2024\/09\/CertificadoER-0907-1997_ES_2024-09-10_page-0001-212x300.jpg\",\"contentUrl\":\"https:\/\/www.rubau.com\/wp-content\/uploads\/2024\/09\/CertificadoER-0907-1997_ES_2024-09-10_page-0001-212x300.jpg\"},{\"@type\":\"BreadcrumbList\",\"@id\":\"https:\/\/www.rubau.com\/ca\/compromis\/qualitat\/#breadcrumb\",\"itemListElement\":[{\"@type\":\"ListItem\",\"position\":1,\"name\":\"Portada\",\"item\":\"https:\/\/www.rubau.com\/\"},{\"@type\":\"ListItem\",\"position\":2,\"name\":\"Comprom\u00eds\",\"item\":\"https:\/\/www.rubau.com\/ca\/compromis\/\"},{\"@type\":\"ListItem\",\"position\":3,\"name\":\"Qualitat\"}]},{\"@type\":\"WebSite\",\"@id\":\"https:\/\/www.rubau.com\/#website\",\"url\":\"https:\/\/www.rubau.com\/\",\"name\":\"Rubau\",\"description\":\"Construccions RUBAU\",\"publisher\":{\"@id\":\"https:\/\/www.rubau.com\/#organization\"},\"potentialAction\":[{\"@type\":\"SearchAction\",\"target\":{\"@type\":\"EntryPoint\",\"urlTemplate\":\"https:\/\/www.rubau.com\/?s={search_term_string}\"},\"query-input\":{\"@type\":\"PropertyValueSpecification\",\"valueRequired\":true,\"valueName\":\"search_term_string\"}}],\"inLanguage\":\"ca\"},{\"@type\":\"Organization\",\"@id\":\"https:\/\/www.rubau.com\/#organization\",\"name\":\"Rubau\",\"url\":\"https:\/\/www.rubau.com\/\",\"logo\":{\"@type\":\"ImageObject\",\"inLanguage\":\"ca\",\"@id\":\"https:\/\/www.rubau.com\/#\/schema\/logo\/image\/\",\"url\":\"https:\/\/www.rubau.com\/wp-content\/uploads\/2024\/10\/Logo-CONSTRUCCIONS-RUBAU-ES1.png\",\"contentUrl\":\"https:\/\/www.rubau.com\/wp-content\/uploads\/2024\/10\/Logo-CONSTRUCCIONS-RUBAU-ES1.png\",\"width\":1010,\"height\":200,\"caption\":\"Rubau\"},\"image\":{\"@id\":\"https:\/\/www.rubau.com\/#\/schema\/logo\/image\/\"},\"sameAs\":[\"https:\/\/www.instagram.com\/construcciones_rubau\/\",\"https:\/\/www.linkedin.com\/company\/construcciones-rubau-s.a.\"]}]}<\/script>\n<!-- \/ Yoast SEO plugin. -->","yoast_head_json":{"title":"Qualitat - Rubau","robots":{"index":"index","follow":"follow","max-snippet":"max-snippet:-1","max-image-preview":"max-image-preview:large","max-video-preview":"max-video-preview:-1"},"canonical":"https:\/\/www.rubau.com\/ca\/compromis\/qualitat\/","og_locale":"ca_ES","og_type":"article","og_title":"Qualitat - Rubau","og_description":"On m\u00e9s esfor\u00e7os ha invertit la companyia \u00e9s en el terreny de la qualitat, en l\u2019adequaci\u00f3 al client i a les seves necessitats. D\u2019aquesta manera, l\u2019any 2000 es va implantar un sistema de qualitat total, d\u2019acord amb el model europeu EFQM (Fundaci\u00f3 Europea per a la Gesti\u00f3 de la Qualitat) que ha perm\u00e8s implantar sistemes [&hellip;]","og_url":"https:\/\/www.rubau.com\/ca\/compromis\/qualitat\/","og_site_name":"Rubau","article_modified_time":"2026-02-12T11:55:43+00:00","twitter_card":"summary_large_image","twitter_misc":{"Temps estimat de lectura":"2 minuts"},"schema":{"@context":"https:\/\/schema.org","@graph":[{"@type":"WebPage","@id":"https:\/\/www.rubau.com\/ca\/compromis\/qualitat\/","url":"https:\/\/www.rubau.com\/ca\/compromis\/qualitat\/","name":"Qualitat - Rubau","isPartOf":{"@id":"https:\/\/www.rubau.com\/#website"},"primaryImageOfPage":{"@id":"https:\/\/www.rubau.com\/ca\/compromis\/qualitat\/#primaryimage"},"image":{"@id":"https:\/\/www.rubau.com\/ca\/compromis\/qualitat\/#primaryimage"},"thumbnailUrl":"https:\/\/www.rubau.com\/wp-content\/uploads\/2024\/09\/CertificadoER-0907-1997_ES_2024-09-10_page-0001-212x300.jpg","datePublished":"2015-10-05T05:03:53+00:00","dateModified":"2026-02-12T11:55:43+00:00","breadcrumb":{"@id":"https:\/\/www.rubau.com\/ca\/compromis\/qualitat\/#breadcrumb"},"inLanguage":"ca","potentialAction":[{"@type":"ReadAction","target":["https:\/\/www.rubau.com\/ca\/compromis\/qualitat\/"]}]},{"@type":"ImageObject","inLanguage":"ca","@id":"https:\/\/www.rubau.com\/ca\/compromis\/qualitat\/#primaryimage","url":"https:\/\/www.rubau.com\/wp-content\/uploads\/2024\/09\/CertificadoER-0907-1997_ES_2024-09-10_page-0001-212x300.jpg","contentUrl":"https:\/\/www.rubau.com\/wp-content\/uploads\/2024\/09\/CertificadoER-0907-1997_ES_2024-09-10_page-0001-212x300.jpg"},{"@type":"BreadcrumbList","@id":"https:\/\/www.rubau.com\/ca\/compromis\/qualitat\/#breadcrumb","itemListElement":[{"@type":"ListItem","position":1,"name":"Portada","item":"https:\/\/www.rubau.com\/"},{"@type":"ListItem","position":2,"name":"Comprom\u00eds","item":"https:\/\/www.rubau.com\/ca\/compromis\/"},{"@type":"ListItem","position":3,"name":"Qualitat"}]},{"@type":"WebSite","@id":"https:\/\/www.rubau.com\/#website","url":"https:\/\/www.rubau.com\/","name":"Rubau","description":"Construccions RUBAU","publisher":{"@id":"https:\/\/www.rubau.com\/#organization"},"potentialAction":[{"@type":"SearchAction","target":{"@type":"EntryPoint","urlTemplate":"https:\/\/www.rubau.com\/?s={search_term_string}"},"query-input":{"@type":"PropertyValueSpecification","valueRequired":true,"valueName":"search_term_string"}}],"inLanguage":"ca"},{"@type":"Organization","@id":"https:\/\/www.rubau.com\/#organization","name":"Rubau","url":"https:\/\/www.rubau.com\/","logo":{"@type":"ImageObject","inLanguage":"ca","@id":"https:\/\/www.rubau.com\/#\/schema\/logo\/image\/","url":"https:\/\/www.rubau.com\/wp-content\/uploads\/2024\/10\/Logo-CONSTRUCCIONS-RUBAU-ES1.png","contentUrl":"https:\/\/www.rubau.com\/wp-content\/uploads\/2024\/10\/Logo-CONSTRUCCIONS-RUBAU-ES1.png","width":1010,"height":200,"caption":"Rubau"},"image":{"@id":"https:\/\/www.rubau.com\/#\/schema\/logo\/image\/"},"sameAs":["https:\/\/www.instagram.com\/construcciones_rubau\/","https:\/\/www.linkedin.com\/company\/construcciones-rubau-s.a."]}]}},"_links":{"self":[{"href":"https:\/\/www.rubau.com\/ca\/wp-json\/wp\/v2\/pages\/1282","targetHints":{"allow":["GET"]}}],"collection":[{"href":"https:\/\/www.rubau.com\/ca\/wp-json\/wp\/v2\/pages"}],"about":[{"href":"https:\/\/www.rubau.com\/ca\/wp-json\/wp\/v2\/types\/page"}],"author":[{"embeddable":true,"href":"https:\/\/www.rubau.com\/ca\/wp-json\/wp\/v2\/users\/1"}],"replies":[{"embeddable":true,"href":"https:\/\/www.rubau.com\/ca\/wp-json\/wp\/v2\/comments?post=1282"}],"version-history":[{"count":3,"href":"https:\/\/www.rubau.com\/ca\/wp-json\/wp\/v2\/pages\/1282\/revisions"}],"predecessor-version":[{"id":11097,"href":"https:\/\/www.rubau.com\/ca\/wp-json\/wp\/v2\/pages\/1282\/revisions\/11097"}],"up":[{"embeddable":true,"href":"https:\/\/www.rubau.com\/ca\/wp-json\/wp\/v2\/pages\/1257"}],"wp:attachment":[{"href":"https:\/\/www.rubau.com\/ca\/wp-json\/wp\/v2\/media?parent=1282"}],"curies":[{"name":"wp","href":"https:\/\/api.w.org\/{rel}","templated":true}]}}