{"id":1292,"date":"2015-10-05T07:06:12","date_gmt":"2015-10-05T05:06:12","guid":{"rendered":"http:\/\/www.rubau.com\/compromis\/medio-ambiente\/"},"modified":"2025-04-14T12:53:27","modified_gmt":"2025-04-14T10:53:27","slug":"medi-ambient","status":"publish","type":"page","link":"https:\/\/www.rubau.com\/ca\/compromis\/medi-ambient\/","title":{"rendered":"Medi Ambient"},"content":{"rendered":"<p>Rubau mant\u00e9 un comprim\u00eds ferm amb el respecte i la conservaci\u00f3 del medi ambient, fet que li ha perm\u00e8s desenvolupar projectes summament innovadors entre els quals destaca la campanya <em>Formig\u00f3 Verd<\/em>, que va permetre reciclar en planta, per primera vegada a Espanya, les barreges bituminoses en calent. A banda d\u2019aix\u00f2, conv\u00e9 fer esment del llibre <em>Gesti\u00f3n ambiental en la ejecuci\u00f3n de obras<\/em>, document pioner en el sector en la identificaci\u00f3 dels aspectes ambientals principals que intervenen en el proc\u00e9s constructiu de les obres. Totes dues experi\u00e8ncies s\u00f3n el resultat de l\u2019afany continu de la companyia per millorar el medi ambient des que el 2000 es va certificar d\u2019acord amb la norma ISO 14001.<\/p>\n<p>Les nombroses aportacions de Rubau en aquest camp han perm\u00e8s la consecuci\u00f3 de gran quantitat de reconeixements, entre els quals destaquen el Premi Internacional SIM a It\u00e0lia i el Premi Europeu de Medi Ambient.<\/p>\n<p><a href=\"https:\/\/www.rubau.com\/wp-content\/uploads\/2024\/09\/CertificadoGA-2000-0047_ES_2024-09-10_page-0001.jpg\" target=\"_blank\" rel=\"noopener\" data-rel=\"lightbox-image-0\" data-rl_title=\"\" data-rl_caption=\"\" title=\"\"><img loading=\"lazy\" decoding=\"async\" class=\"aligncenter wp-image-5051 size-medium\" src=\"https:\/\/www.rubau.com\/wp-content\/uploads\/2024\/09\/CertificadoGA-2000-0047_ES_2024-09-10_page-0001-212x300.jpg\" alt=\"\" width=\"212\" height=\"300\" \/><\/a> <a href=\"https:\/\/www.rubau.com\/wp-content\/uploads\/2024\/09\/IQNetES-2000-0047_2024-09-10_page-0001.jpg\" target=\"_blank\" rel=\"noopener\" data-rel=\"lightbox-image-1\" data-rl_title=\"\" data-rl_caption=\"\" title=\"\"><img loading=\"lazy\" decoding=\"async\" class=\"aligncenter wp-image-5048 size-medium\" src=\"https:\/\/www.rubau.com\/wp-content\/uploads\/2024\/09\/IQNetES-2000-0047_2024-09-10_page-0001-212x300.jpg\" alt=\"\" width=\"212\" height=\"300\" \/><\/a><\/p>\n<p><strong>POL\u00cdTICA DE MEDI AMBIENT<\/strong><\/p>\n<ul>\n<li style=\"text-align: left;\">Assegurar la protecci\u00f3 del Medi Ambient, complint la legislaci\u00f3 i la reglamentaci\u00f3 mediambientals, tant nacional com internacional, altres requisits i compromisos que s\u2019hagin subscrit i la prevenci\u00f3 de la contaminaci\u00f3.<\/li>\n<li style=\"text-align: left;\">Implantar els principis de millora cont\u00ednua a les activitats mediambientals.<\/li>\n<li style=\"text-align: left;\">Assolir un grau de satisfacci\u00f3 del client elevat en refer\u00e8ncia al tractament de la nostra empresa al Medi Ambient als centres de treball nacionals i internacionals.<\/li>\n<li style=\"text-align: left;\">Assegurar una integraci\u00f3 real de la gesti\u00f3 mediambiental en totes les \u00e0rees i les activitats de l\u2019empresa i establir compromisos ferms amb la societat que ens envolta.<\/li>\n<li style=\"text-align: left;\">Promoure la participaci\u00f3 activa i el sentit de la responsabilitat de tots els nostres empleats en relaci\u00f3 amb la repercusi\u00f3\u00a0 del seu treball sobre el Medi Ambient, a trav\u00e9s de la formaci\u00f3 i informaci\u00f3 necess\u00e0ria.<\/li>\n<\/ul>\n<p><strong>REGISTRE D&#8217;EMPREMTA, COMPENSACI\u00d3 I PROJECTES D&#8217;ABSORCI\u00d3 DE CO\u2082<\/strong><\/p>\n<p>RUBAU s&#8217;ha unit a la iniciativa del Ministeri com a empresa transparent que dona a con\u00e8ixer les emissions generades per la seva activitat. El Registre d&#8217;Empremta, creat pel Reial decret 163\/2014, de 14 de mar\u00e7, recull els esfor\u00e7os de les organitzacions espanyoles en el c\u00e0lcul i la reducci\u00f3 de les emissions de gasos amb efecte d&#8217;hivernacle generades per la seva activitat. Alhora, facilita la possibilitat de compensar totalment o parcialment la seva empremta de carboni mitjan\u00e7ant una s\u00e8rie de projectes forestals ubicats en territori nacional. Aquests projectes integren nombrosos beneficis ambientals i socials, entre els quals hi ha l&#8217;absorci\u00f3 de di\u00f2xid de carboni de l&#8217;atmosfera, tamb\u00e9 coneguda com a segrest de carboni. Totes les empremtes inscrites van acompanyades obligat\u00f2riament d\u2019un pla de reducci\u00f3 i s\u00f3n verificades pr\u00e8viament al seu registre. Quan es reconeix que una organitzaci\u00f3 ha redu\u00eft la seva empremta, \u00e9s perqu\u00e8 compleix amb un criteri estricte que demostra una tend\u00e8ncia decreixent d&#8217;emissions. Per recon\u00e8ixer una compensaci\u00f3 en el marc del Registre, \u00e9s necessari que les tones de CO\u2082 adquirides provinguin de projectes inscrits en aquest.<\/p>\n<p><a href=\"https:\/\/www.rubau.com\/wp-content\/uploads\/2025\/04\/2023_CR.jpg\" data-rel=\"lightbox-image-2\" data-rl_title=\"\" data-rl_caption=\"\" title=\"\"><img loading=\"lazy\" decoding=\"async\" class=\"aligncenter wp-image-5508 size-medium\" src=\"https:\/\/www.rubau.com\/wp-content\/uploads\/2025\/04\/2023_CR-212x300.jpg\" alt=\"\" width=\"212\" height=\"300\" \/><\/a><\/p>\n","protected":false},"excerpt":{"rendered":"<p>Rubau mant\u00e9 un comprim\u00eds ferm amb el respecte i la conservaci\u00f3 del medi ambient, fet que li ha perm\u00e8s desenvolupar projectes summament innovadors entre els quals destaca la campanya Formig\u00f3 Verd, que va permetre reciclar en planta, per primera vegada a Espanya, les barreges bituminoses en calent. A banda d\u2019aix\u00f2, conv\u00e9 fer esment del llibre [&hellip;]<\/p>\n","protected":false},"author":1,"featured_media":0,"parent":1257,"menu_order":0,"comment_status":"closed","ping_status":"closed","template":"page-environment.php","meta":{"_acf_changed":false,"footnotes":""},"class_list":["post-1292","page","type-page","status-publish","hentry"],"acf":[],"yoast_head":"<!-- This site is optimized with the Yoast SEO plugin v26.5 - https:\/\/yoast.com\/wordpress\/plugins\/seo\/ -->\n<title>Medi Ambient - Rubau<\/title>\n<meta name=\"robots\" content=\"index, follow, max-snippet:-1, max-image-preview:large, max-video-preview:-1\" \/>\n<link rel=\"canonical\" href=\"https:\/\/www.rubau.com\/ca\/compromis\/medi-ambient\/\" \/>\n<meta property=\"og:locale\" content=\"ca_ES\" \/>\n<meta property=\"og:type\" content=\"article\" \/>\n<meta property=\"og:title\" content=\"Medi Ambient - Rubau\" \/>\n<meta property=\"og:description\" content=\"Rubau mant\u00e9 un comprim\u00eds ferm amb el respecte i la conservaci\u00f3 del medi ambient, fet que li ha perm\u00e8s desenvolupar projectes summament innovadors entre els quals destaca la campanya Formig\u00f3 Verd, que va permetre reciclar en planta, per primera vegada a Espanya, les barreges bituminoses en calent. A banda d\u2019aix\u00f2, conv\u00e9 fer esment del llibre [&hellip;]\" \/>\n<meta property=\"og:url\" content=\"https:\/\/www.rubau.com\/ca\/compromis\/medi-ambient\/\" \/>\n<meta property=\"og:site_name\" content=\"Rubau\" \/>\n<meta property=\"article:modified_time\" content=\"2025-04-14T10:53:27+00:00\" \/>\n<meta name=\"twitter:card\" content=\"summary_large_image\" \/>\n<meta name=\"twitter:label1\" content=\"Temps estimat de lectura\" \/>\n\t<meta name=\"twitter:data1\" content=\"2 minuts\" \/>\n<script type=\"application\/ld+json\" class=\"yoast-schema-graph\">{\"@context\":\"https:\/\/schema.org\",\"@graph\":[{\"@type\":\"WebPage\",\"@id\":\"https:\/\/www.rubau.com\/ca\/compromis\/medi-ambient\/\",\"url\":\"https:\/\/www.rubau.com\/ca\/compromis\/medi-ambient\/\",\"name\":\"Medi Ambient - Rubau\",\"isPartOf\":{\"@id\":\"https:\/\/www.rubau.com\/#website\"},\"primaryImageOfPage\":{\"@id\":\"https:\/\/www.rubau.com\/ca\/compromis\/medi-ambient\/#primaryimage\"},\"image\":{\"@id\":\"https:\/\/www.rubau.com\/ca\/compromis\/medi-ambient\/#primaryimage\"},\"thumbnailUrl\":\"https:\/\/www.rubau.com\/wp-content\/uploads\/2024\/09\/CertificadoGA-2000-0047_ES_2024-09-10_page-0001-212x300.jpg\",\"datePublished\":\"2015-10-05T05:06:12+00:00\",\"dateModified\":\"2025-04-14T10:53:27+00:00\",\"breadcrumb\":{\"@id\":\"https:\/\/www.rubau.com\/ca\/compromis\/medi-ambient\/#breadcrumb\"},\"inLanguage\":\"ca\",\"potentialAction\":[{\"@type\":\"ReadAction\",\"target\":[\"https:\/\/www.rubau.com\/ca\/compromis\/medi-ambient\/\"]}]},{\"@type\":\"ImageObject\",\"inLanguage\":\"ca\",\"@id\":\"https:\/\/www.rubau.com\/ca\/compromis\/medi-ambient\/#primaryimage\",\"url\":\"https:\/\/www.rubau.com\/wp-content\/uploads\/2024\/09\/CertificadoGA-2000-0047_ES_2024-09-10_page-0001-212x300.jpg\",\"contentUrl\":\"https:\/\/www.rubau.com\/wp-content\/uploads\/2024\/09\/CertificadoGA-2000-0047_ES_2024-09-10_page-0001-212x300.jpg\"},{\"@type\":\"BreadcrumbList\",\"@id\":\"https:\/\/www.rubau.com\/ca\/compromis\/medi-ambient\/#breadcrumb\",\"itemListElement\":[{\"@type\":\"ListItem\",\"position\":1,\"name\":\"Portada\",\"item\":\"https:\/\/www.rubau.com\/\"},{\"@type\":\"ListItem\",\"position\":2,\"name\":\"Comprom\u00eds\",\"item\":\"https:\/\/www.rubau.com\/ca\/compromis\/\"},{\"@type\":\"ListItem\",\"position\":3,\"name\":\"Medi Ambient\"}]},{\"@type\":\"WebSite\",\"@id\":\"https:\/\/www.rubau.com\/#website\",\"url\":\"https:\/\/www.rubau.com\/\",\"name\":\"Rubau\",\"description\":\"Construccions RUBAU\",\"publisher\":{\"@id\":\"https:\/\/www.rubau.com\/#organization\"},\"potentialAction\":[{\"@type\":\"SearchAction\",\"target\":{\"@type\":\"EntryPoint\",\"urlTemplate\":\"https:\/\/www.rubau.com\/?s={search_term_string}\"},\"query-input\":{\"@type\":\"PropertyValueSpecification\",\"valueRequired\":true,\"valueName\":\"search_term_string\"}}],\"inLanguage\":\"ca\"},{\"@type\":\"Organization\",\"@id\":\"https:\/\/www.rubau.com\/#organization\",\"name\":\"Rubau\",\"url\":\"https:\/\/www.rubau.com\/\",\"logo\":{\"@type\":\"ImageObject\",\"inLanguage\":\"ca\",\"@id\":\"https:\/\/www.rubau.com\/#\/schema\/logo\/image\/\",\"url\":\"https:\/\/www.rubau.com\/wp-content\/uploads\/2024\/10\/Logo-CONSTRUCCIONS-RUBAU-ES1.png\",\"contentUrl\":\"https:\/\/www.rubau.com\/wp-content\/uploads\/2024\/10\/Logo-CONSTRUCCIONS-RUBAU-ES1.png\",\"width\":1010,\"height\":200,\"caption\":\"Rubau\"},\"image\":{\"@id\":\"https:\/\/www.rubau.com\/#\/schema\/logo\/image\/\"},\"sameAs\":[\"https:\/\/www.instagram.com\/construcciones_rubau\/\",\"https:\/\/www.linkedin.com\/company\/construcciones-rubau-s.a.\"]}]}<\/script>\n<!-- \/ Yoast SEO plugin. -->","yoast_head_json":{"title":"Medi Ambient - Rubau","robots":{"index":"index","follow":"follow","max-snippet":"max-snippet:-1","max-image-preview":"max-image-preview:large","max-video-preview":"max-video-preview:-1"},"canonical":"https:\/\/www.rubau.com\/ca\/compromis\/medi-ambient\/","og_locale":"ca_ES","og_type":"article","og_title":"Medi Ambient - Rubau","og_description":"Rubau mant\u00e9 un comprim\u00eds ferm amb el respecte i la conservaci\u00f3 del medi ambient, fet que li ha perm\u00e8s desenvolupar projectes summament innovadors entre els quals destaca la campanya Formig\u00f3 Verd, que va permetre reciclar en planta, per primera vegada a Espanya, les barreges bituminoses en calent. A banda d\u2019aix\u00f2, conv\u00e9 fer esment del llibre [&hellip;]","og_url":"https:\/\/www.rubau.com\/ca\/compromis\/medi-ambient\/","og_site_name":"Rubau","article_modified_time":"2025-04-14T10:53:27+00:00","twitter_card":"summary_large_image","twitter_misc":{"Temps estimat de lectura":"2 minuts"},"schema":{"@context":"https:\/\/schema.org","@graph":[{"@type":"WebPage","@id":"https:\/\/www.rubau.com\/ca\/compromis\/medi-ambient\/","url":"https:\/\/www.rubau.com\/ca\/compromis\/medi-ambient\/","name":"Medi Ambient - Rubau","isPartOf":{"@id":"https:\/\/www.rubau.com\/#website"},"primaryImageOfPage":{"@id":"https:\/\/www.rubau.com\/ca\/compromis\/medi-ambient\/#primaryimage"},"image":{"@id":"https:\/\/www.rubau.com\/ca\/compromis\/medi-ambient\/#primaryimage"},"thumbnailUrl":"https:\/\/www.rubau.com\/wp-content\/uploads\/2024\/09\/CertificadoGA-2000-0047_ES_2024-09-10_page-0001-212x300.jpg","datePublished":"2015-10-05T05:06:12+00:00","dateModified":"2025-04-14T10:53:27+00:00","breadcrumb":{"@id":"https:\/\/www.rubau.com\/ca\/compromis\/medi-ambient\/#breadcrumb"},"inLanguage":"ca","potentialAction":[{"@type":"ReadAction","target":["https:\/\/www.rubau.com\/ca\/compromis\/medi-ambient\/"]}]},{"@type":"ImageObject","inLanguage":"ca","@id":"https:\/\/www.rubau.com\/ca\/compromis\/medi-ambient\/#primaryimage","url":"https:\/\/www.rubau.com\/wp-content\/uploads\/2024\/09\/CertificadoGA-2000-0047_ES_2024-09-10_page-0001-212x300.jpg","contentUrl":"https:\/\/www.rubau.com\/wp-content\/uploads\/2024\/09\/CertificadoGA-2000-0047_ES_2024-09-10_page-0001-212x300.jpg"},{"@type":"BreadcrumbList","@id":"https:\/\/www.rubau.com\/ca\/compromis\/medi-ambient\/#breadcrumb","itemListElement":[{"@type":"ListItem","position":1,"name":"Portada","item":"https:\/\/www.rubau.com\/"},{"@type":"ListItem","position":2,"name":"Comprom\u00eds","item":"https:\/\/www.rubau.com\/ca\/compromis\/"},{"@type":"ListItem","position":3,"name":"Medi Ambient"}]},{"@type":"WebSite","@id":"https:\/\/www.rubau.com\/#website","url":"https:\/\/www.rubau.com\/","name":"Rubau","description":"Construccions RUBAU","publisher":{"@id":"https:\/\/www.rubau.com\/#organization"},"potentialAction":[{"@type":"SearchAction","target":{"@type":"EntryPoint","urlTemplate":"https:\/\/www.rubau.com\/?s={search_term_string}"},"query-input":{"@type":"PropertyValueSpecification","valueRequired":true,"valueName":"search_term_string"}}],"inLanguage":"ca"},{"@type":"Organization","@id":"https:\/\/www.rubau.com\/#organization","name":"Rubau","url":"https:\/\/www.rubau.com\/","logo":{"@type":"ImageObject","inLanguage":"ca","@id":"https:\/\/www.rubau.com\/#\/schema\/logo\/image\/","url":"https:\/\/www.rubau.com\/wp-content\/uploads\/2024\/10\/Logo-CONSTRUCCIONS-RUBAU-ES1.png","contentUrl":"https:\/\/www.rubau.com\/wp-content\/uploads\/2024\/10\/Logo-CONSTRUCCIONS-RUBAU-ES1.png","width":1010,"height":200,"caption":"Rubau"},"image":{"@id":"https:\/\/www.rubau.com\/#\/schema\/logo\/image\/"},"sameAs":["https:\/\/www.instagram.com\/construcciones_rubau\/","https:\/\/www.linkedin.com\/company\/construcciones-rubau-s.a."]}]}},"_links":{"self":[{"href":"https:\/\/www.rubau.com\/ca\/wp-json\/wp\/v2\/pages\/1292","targetHints":{"allow":["GET"]}}],"collection":[{"href":"https:\/\/www.rubau.com\/ca\/wp-json\/wp\/v2\/pages"}],"about":[{"href":"https:\/\/www.rubau.com\/ca\/wp-json\/wp\/v2\/types\/page"}],"author":[{"embeddable":true,"href":"https:\/\/www.rubau.com\/ca\/wp-json\/wp\/v2\/users\/1"}],"replies":[{"embeddable":true,"href":"https:\/\/www.rubau.com\/ca\/wp-json\/wp\/v2\/comments?post=1292"}],"version-history":[{"count":1,"href":"https:\/\/www.rubau.com\/ca\/wp-json\/wp\/v2\/pages\/1292\/revisions"}],"predecessor-version":[{"id":1295,"href":"https:\/\/www.rubau.com\/ca\/wp-json\/wp\/v2\/pages\/1292\/revisions\/1295"}],"up":[{"embeddable":true,"href":"https:\/\/www.rubau.com\/ca\/wp-json\/wp\/v2\/pages\/1257"}],"wp:attachment":[{"href":"https:\/\/www.rubau.com\/ca\/wp-json\/wp\/v2\/media?parent=1292"}],"curies":[{"name":"wp","href":"https:\/\/api.w.org\/{rel}","templated":true}]}}