{"id":1298,"date":"2015-10-05T07:07:23","date_gmt":"2015-10-05T05:07:23","guid":{"rendered":"http:\/\/www.rubau.com\/compromis\/rdi\/"},"modified":"2026-02-13T12:33:40","modified_gmt":"2026-02-13T11:33:40","slug":"rdi","status":"publish","type":"page","link":"https:\/\/www.rubau.com\/ca\/compromis\/rdi\/","title":{"rendered":"INNOVACI\u00d3"},"content":{"rendered":"\r\n<h2 class=\"wp-block-heading\">La necessitat de millorar els processos interns, a m\u00e9s dels productes i els serveis que oferim als nostres clients, ens ha portat a seguir un programa d&#8217;innovaci\u00f3 que ens aporta innovacions tecnol\u00f2giques cont\u00ednues.<\/h2>\r\n\r\n\r\n\r\n<p class=\"has-black-color has-text-color has-link-color wp-elements-b0718cd93f54056161c6823da375cfe0\">Tot aix\u00f2 s\u2019estructura a trav\u00e9s d\u2019un departament d&#8217;Innovaci\u00f3 que duu a terme la seva activitat segons un pla de desenvolupament que es revisa anualment i que ha donat projectes molt importants tant per a l\u2019empresa com per al sector en general.<\/p>\r\n\r\n\r\n\r\n<p>&nbsp;<\/p>\r\n\r\n\r\n<div class=\"wp-block-image\">\r\n<figure class=\"aligncenter size-medium\"><a href=\"https:\/\/www.rubau.com\/wp-content\/uploads\/2025\/08\/CertificadoIDI-0054-2010_ES_2025-07-29_page-0001-scaled.jpg\" data-rel=\"lightbox-image-0\" data-rl_title=\"\" data-rl_caption=\"\" title=\"\"><img loading=\"lazy\" decoding=\"async\" width=\"212\" height=\"300\" class=\"wp-image-5702\" src=\"https:\/\/www.rubau.com\/wp-content\/uploads\/2025\/08\/CertificadoIDI-0054-2010_ES_2025-07-29_page-0001-212x300.jpg\" alt=\"\" srcset=\"https:\/\/www.rubau.com\/wp-content\/uploads\/2025\/08\/CertificadoIDI-0054-2010_ES_2025-07-29_page-0001-212x300.jpg 212w, https:\/\/www.rubau.com\/wp-content\/uploads\/2025\/08\/CertificadoIDI-0054-2010_ES_2025-07-29_page-0001-724x1024.jpg 724w, https:\/\/www.rubau.com\/wp-content\/uploads\/2025\/08\/CertificadoIDI-0054-2010_ES_2025-07-29_page-0001-768x1086.jpg 768w, https:\/\/www.rubau.com\/wp-content\/uploads\/2025\/08\/CertificadoIDI-0054-2010_ES_2025-07-29_page-0001-1086x1536.jpg 1086w, https:\/\/www.rubau.com\/wp-content\/uploads\/2025\/08\/CertificadoIDI-0054-2010_ES_2025-07-29_page-0001-1448x2048.jpg 1448w, https:\/\/www.rubau.com\/wp-content\/uploads\/2025\/08\/CertificadoIDI-0054-2010_ES_2025-07-29_page-0001-scaled.jpg 1810w\" sizes=\"auto, (max-width: 212px) 100vw, 212px\" \/><\/a><\/figure><\/div>\r\n\r\n\r\n<div class=\"wp-block-spacer\" style=\"height: 50px;\" aria-hidden=\"true\">\u00a0<\/div>\r\n\r\n\r\n\r\n<p class=\"has-black-color has-text-color has-link-color wp-elements-642f73504f40f1bcba883262dc45b24e\"><strong>&#8211; POL\u00cdTICA D\u2019INNOVACI\u00d3 &#8211;<\/strong><\/p>\r\n<ul>\r\n<li class=\"has-black-color has-text-color has-link-color\" style=\"text-align: left;\">Incorporar la Innovaci\u00f3 com a comprom\u00eds i principi b\u00e0sic a l\u2019empresa i implantar la millora cont\u00ednua del proc\u00e9s d\u2019innovaci\u00f3, millorant l\u2019efic\u00e0cia del Sistema de Gesti\u00f3.<\/li>\r\n<li class=\"has-black-color has-text-color has-link-color\" style=\"text-align: left;\">Assignar els recursos necessaris per al desenvolupament d\u2019iniciatives d\u2019innovaci\u00f3 i assegurar la retroalimentaci\u00f3 del sistema.<\/li>\r\n<li class=\"has-black-color has-text-color has-link-color\" style=\"text-align: left;\">Implicar i comprometre el personal de l\u2019empresa amb l\u2019objectiu de fomentar la seva participaci\u00f3 i motivaci\u00f3, garantint una formaci\u00f3 adequada als treballadors, amb la finalitat de disposar de personal qualificat per desenvolupar les activitats del Sistema de Gesti\u00f3 de la Innovaci\u00f3.<\/li>\r\n<li class=\"has-black-color has-text-color has-link-color\" style=\"text-align: left;\">Innovar en enginyeria d\u2019estructures, valoritzaci\u00f3 de residus industrials, ci\u00e8ncia dels ordinadors, tecnologia de la construcci\u00f3, de mescles bituminoses i asf\u00e0ltiques, i del medi ambient. Prioritzar sempre criteris d\u2019economia circular i sostenibilitat.<\/li>\r\n<li class=\"has-black-color has-text-color has-link-color\" style=\"text-align: left;\">Assegurar que les iniciatives i activitats d\u2019innovaci\u00f3 desenvolupades a l\u2019empresa s\u2019ajusten a les necessitats i expectatives dels nostres clients.<\/li>\r\n<li class=\"has-black-color has-text-color has-link-color\" style=\"text-align: left;\">Donar compliment als requisits de la norma UNE-EN ISO 56001 en la seva versi\u00f3 vigent.<\/li>\r\n<\/ul>\r\n<p>&nbsp;<\/p>\r\n\r\n\r\n\r\n<p class=\"has-black-color has-text-color has-link-color wp-elements-00b3016b5aa403de01dcaeb11c3cf878\"><strong>&#8211; PROP\u00d2SIT D&#8217;INNOVACI\u00d3 &#8211;<\/strong><\/p>\r\n\r\n\r\n\r\n<p class=\"wp-elements-b686eb192a4c79df330d2c82dff58c78\" data-start=\"0\" data-end=\"299\">El prop\u00f2sit d\u2019innovaci\u00f3 de Construcciones Rubau S.A. \u00e9s innovar i crear valor en la construcci\u00f3 d\u2019obres, mitjan\u00e7ant productes i processos innovadors que millorin la qualitat del servei ofert als nostres clients, i que permetin el comprom\u00eds i la diferenciaci\u00f3 de la imatge de Rubau en aquest \u00e0mbit.<\/p>\r\n<p data-start=\"303\" data-end=\"547\" data-is-last-node=\"\" data-is-only-node=\"\">Rubau pret\u00e9n innovar en els camps definits dins l\u2019abast del seu sistema de gesti\u00f3, aix\u00ed mateix ampliar aquest abast a nous negocis vinculats a l\u2019economia circular mitjan\u00e7ant el desenvolupament i la certificaci\u00f3 de noves iniciatives d\u2019innovaci\u00f3.<\/p>\r\n\r\n\r\n\r\n<div class=\"wp-block-spacer\" style=\"height: 50px;\" aria-hidden=\"true\">\u00a0<\/div>\r\n\r\n\r\n\r\n<p class=\"has-black-color has-text-color has-link-color wp-elements-233e11bf81d2aac7b157f1df7a94174e\">&#8211; <strong>ESTRAT\u00c8GIA d&#8217;INNOVACI\u00d3 &#8211;<\/strong><\/p>\r\n\r\n\r\n\r\n<ul class=\"wp-block-list has-black-color has-text-color has-link-color wp-elements-428a48e77cb33f7eb1349be6c2c213fc\">\r\n<li style=\"text-align: left;\">Excel\u00b7l\u00e8ncia en la qualitat de les obres i serveis prestats als nostres clients..<\/li>\r\n\r\n\r\n\r\n<li style=\"text-align: left;\">Efici\u00e8ncia en la gesti\u00f3 dels recursos amb respecte al medi ambient.<\/li>\r\n\r\n\r\n\r\n<li style=\"text-align: left;\">Integraci\u00f3 de la cultura de la innovaci\u00f3 i la millora cont\u00ednua en tots els nivells de l\u2019organitzaci\u00f3 amb aportaci\u00f3 de valor.\u00a0<\/li>\r\n\r\n\r\n\r\n<li style=\"text-align: left;\">Innovaci\u00f3 en processos de construcci\u00f3 d\u2019obres, en nous materials i productes, en valoritzaci\u00f3 de residus, en plataformes digitals de sistemes de gesti\u00f3 integrats, etc.<\/li>\r\n\r\n\r\n\r\n<li style=\"text-align: left;\">Col\u00b7laboraci\u00f3 amb universitats, enginyeries, laboratoris, empreses col\u00b7laboradores, empreses del Grup Rubau, etc., per al desenvolupament de solucions innovadores.<\/li>\r\n\r\n\r\n\r\n<li style=\"text-align: left;\">Diversificaci\u00f3 de la seva activitat mitjan\u00e7ant la creaci\u00f3 o adquisici\u00f3 de noves empreses, prioritzant sempre criteris d\u2019economia circular i sostenibilitat.<\/li>\r\n<\/ul>\r\n","protected":false},"excerpt":{"rendered":"<p>La necessitat de millorar els processos interns, a m\u00e9s dels productes i els serveis que oferim als nostres clients, ens ha portat a seguir un programa d&#8217;innovaci\u00f3 que ens aporta innovacions tecnol\u00f2giques cont\u00ednues. Tot aix\u00f2 s\u2019estructura a trav\u00e9s d\u2019un departament d&#8217;Innovaci\u00f3 que duu a terme la seva activitat segons un pla de desenvolupament que es [&hellip;]<\/p>\n","protected":false},"author":1,"featured_media":0,"parent":1257,"menu_order":0,"comment_status":"closed","ping_status":"closed","template":"page-rdi.php","meta":{"_acf_changed":false,"footnotes":""},"class_list":["post-1298","page","type-page","status-publish","hentry"],"acf":[],"yoast_head":"<!-- This site is optimized with the Yoast SEO plugin v26.5 - https:\/\/yoast.com\/wordpress\/plugins\/seo\/ -->\n<title>INNOVACI\u00d3 - Rubau<\/title>\n<meta name=\"robots\" content=\"index, follow, max-snippet:-1, max-image-preview:large, max-video-preview:-1\" \/>\n<link rel=\"canonical\" href=\"https:\/\/www.rubau.com\/ca\/compromis\/rdi\/\" \/>\n<meta property=\"og:locale\" content=\"ca_ES\" \/>\n<meta property=\"og:type\" content=\"article\" \/>\n<meta property=\"og:title\" content=\"INNOVACI\u00d3 - Rubau\" \/>\n<meta property=\"og:description\" content=\"La necessitat de millorar els processos interns, a m\u00e9s dels productes i els serveis que oferim als nostres clients, ens ha portat a seguir un programa d&#8217;innovaci\u00f3 que ens aporta innovacions tecnol\u00f2giques cont\u00ednues. Tot aix\u00f2 s\u2019estructura a trav\u00e9s d\u2019un departament d&#8217;Innovaci\u00f3 que duu a terme la seva activitat segons un pla de desenvolupament que es [&hellip;]\" \/>\n<meta property=\"og:url\" content=\"https:\/\/www.rubau.com\/ca\/compromis\/rdi\/\" \/>\n<meta property=\"og:site_name\" content=\"Rubau\" \/>\n<meta property=\"article:modified_time\" content=\"2026-02-13T11:33:40+00:00\" \/>\n<meta property=\"og:image\" content=\"https:\/\/www.rubau.com\/wp-content\/uploads\/2025\/08\/CertificadoIDI-0054-2010_ES_2025-07-29_page-0001-scaled.jpg\" \/>\n\t<meta property=\"og:image:width\" content=\"1810\" \/>\n\t<meta property=\"og:image:height\" content=\"2560\" \/>\n\t<meta property=\"og:image:type\" content=\"image\/jpeg\" \/>\n<meta name=\"twitter:card\" content=\"summary_large_image\" \/>\n<meta name=\"twitter:label1\" content=\"Temps estimat de lectura\" \/>\n\t<meta name=\"twitter:data1\" content=\"3 minuts\" \/>\n<script type=\"application\/ld+json\" class=\"yoast-schema-graph\">{\"@context\":\"https:\/\/schema.org\",\"@graph\":[{\"@type\":\"WebPage\",\"@id\":\"https:\/\/www.rubau.com\/ca\/compromis\/rdi\/\",\"url\":\"https:\/\/www.rubau.com\/ca\/compromis\/rdi\/\",\"name\":\"INNOVACI\u00d3 - Rubau\",\"isPartOf\":{\"@id\":\"https:\/\/www.rubau.com\/#website\"},\"primaryImageOfPage\":{\"@id\":\"https:\/\/www.rubau.com\/ca\/compromis\/rdi\/#primaryimage\"},\"image\":{\"@id\":\"https:\/\/www.rubau.com\/ca\/compromis\/rdi\/#primaryimage\"},\"thumbnailUrl\":\"https:\/\/www.rubau.com\/wp-content\/uploads\/2025\/08\/CertificadoIDI-0054-2010_ES_2025-07-29_page-0001-212x300.jpg\",\"datePublished\":\"2015-10-05T05:07:23+00:00\",\"dateModified\":\"2026-02-13T11:33:40+00:00\",\"breadcrumb\":{\"@id\":\"https:\/\/www.rubau.com\/ca\/compromis\/rdi\/#breadcrumb\"},\"inLanguage\":\"ca\",\"potentialAction\":[{\"@type\":\"ReadAction\",\"target\":[\"https:\/\/www.rubau.com\/ca\/compromis\/rdi\/\"]}]},{\"@type\":\"ImageObject\",\"inLanguage\":\"ca\",\"@id\":\"https:\/\/www.rubau.com\/ca\/compromis\/rdi\/#primaryimage\",\"url\":\"https:\/\/www.rubau.com\/wp-content\/uploads\/2025\/08\/CertificadoIDI-0054-2010_ES_2025-07-29_page-0001-212x300.jpg\",\"contentUrl\":\"https:\/\/www.rubau.com\/wp-content\/uploads\/2025\/08\/CertificadoIDI-0054-2010_ES_2025-07-29_page-0001-212x300.jpg\"},{\"@type\":\"BreadcrumbList\",\"@id\":\"https:\/\/www.rubau.com\/ca\/compromis\/rdi\/#breadcrumb\",\"itemListElement\":[{\"@type\":\"ListItem\",\"position\":1,\"name\":\"Portada\",\"item\":\"https:\/\/www.rubau.com\/\"},{\"@type\":\"ListItem\",\"position\":2,\"name\":\"Comprom\u00eds\",\"item\":\"https:\/\/www.rubau.com\/ca\/compromis\/\"},{\"@type\":\"ListItem\",\"position\":3,\"name\":\"INNOVACI\u00d3\"}]},{\"@type\":\"WebSite\",\"@id\":\"https:\/\/www.rubau.com\/#website\",\"url\":\"https:\/\/www.rubau.com\/\",\"name\":\"Rubau\",\"description\":\"Construccions RUBAU\",\"publisher\":{\"@id\":\"https:\/\/www.rubau.com\/#organization\"},\"potentialAction\":[{\"@type\":\"SearchAction\",\"target\":{\"@type\":\"EntryPoint\",\"urlTemplate\":\"https:\/\/www.rubau.com\/?s={search_term_string}\"},\"query-input\":{\"@type\":\"PropertyValueSpecification\",\"valueRequired\":true,\"valueName\":\"search_term_string\"}}],\"inLanguage\":\"ca\"},{\"@type\":\"Organization\",\"@id\":\"https:\/\/www.rubau.com\/#organization\",\"name\":\"Rubau\",\"url\":\"https:\/\/www.rubau.com\/\",\"logo\":{\"@type\":\"ImageObject\",\"inLanguage\":\"ca\",\"@id\":\"https:\/\/www.rubau.com\/#\/schema\/logo\/image\/\",\"url\":\"https:\/\/www.rubau.com\/wp-content\/uploads\/2024\/10\/Logo-CONSTRUCCIONS-RUBAU-ES1.png\",\"contentUrl\":\"https:\/\/www.rubau.com\/wp-content\/uploads\/2024\/10\/Logo-CONSTRUCCIONS-RUBAU-ES1.png\",\"width\":1010,\"height\":200,\"caption\":\"Rubau\"},\"image\":{\"@id\":\"https:\/\/www.rubau.com\/#\/schema\/logo\/image\/\"},\"sameAs\":[\"https:\/\/www.instagram.com\/construcciones_rubau\/\",\"https:\/\/www.linkedin.com\/company\/construcciones-rubau-s.a.\"]}]}<\/script>\n<!-- \/ Yoast SEO plugin. -->","yoast_head_json":{"title":"INNOVACI\u00d3 - Rubau","robots":{"index":"index","follow":"follow","max-snippet":"max-snippet:-1","max-image-preview":"max-image-preview:large","max-video-preview":"max-video-preview:-1"},"canonical":"https:\/\/www.rubau.com\/ca\/compromis\/rdi\/","og_locale":"ca_ES","og_type":"article","og_title":"INNOVACI\u00d3 - Rubau","og_description":"La necessitat de millorar els processos interns, a m\u00e9s dels productes i els serveis que oferim als nostres clients, ens ha portat a seguir un programa d&#8217;innovaci\u00f3 que ens aporta innovacions tecnol\u00f2giques cont\u00ednues. Tot aix\u00f2 s\u2019estructura a trav\u00e9s d\u2019un departament d&#8217;Innovaci\u00f3 que duu a terme la seva activitat segons un pla de desenvolupament que es [&hellip;]","og_url":"https:\/\/www.rubau.com\/ca\/compromis\/rdi\/","og_site_name":"Rubau","article_modified_time":"2026-02-13T11:33:40+00:00","og_image":[{"width":1810,"height":2560,"url":"https:\/\/www.rubau.com\/wp-content\/uploads\/2025\/08\/CertificadoIDI-0054-2010_ES_2025-07-29_page-0001-scaled.jpg","type":"image\/jpeg"}],"twitter_card":"summary_large_image","twitter_misc":{"Temps estimat de lectura":"3 minuts"},"schema":{"@context":"https:\/\/schema.org","@graph":[{"@type":"WebPage","@id":"https:\/\/www.rubau.com\/ca\/compromis\/rdi\/","url":"https:\/\/www.rubau.com\/ca\/compromis\/rdi\/","name":"INNOVACI\u00d3 - Rubau","isPartOf":{"@id":"https:\/\/www.rubau.com\/#website"},"primaryImageOfPage":{"@id":"https:\/\/www.rubau.com\/ca\/compromis\/rdi\/#primaryimage"},"image":{"@id":"https:\/\/www.rubau.com\/ca\/compromis\/rdi\/#primaryimage"},"thumbnailUrl":"https:\/\/www.rubau.com\/wp-content\/uploads\/2025\/08\/CertificadoIDI-0054-2010_ES_2025-07-29_page-0001-212x300.jpg","datePublished":"2015-10-05T05:07:23+00:00","dateModified":"2026-02-13T11:33:40+00:00","breadcrumb":{"@id":"https:\/\/www.rubau.com\/ca\/compromis\/rdi\/#breadcrumb"},"inLanguage":"ca","potentialAction":[{"@type":"ReadAction","target":["https:\/\/www.rubau.com\/ca\/compromis\/rdi\/"]}]},{"@type":"ImageObject","inLanguage":"ca","@id":"https:\/\/www.rubau.com\/ca\/compromis\/rdi\/#primaryimage","url":"https:\/\/www.rubau.com\/wp-content\/uploads\/2025\/08\/CertificadoIDI-0054-2010_ES_2025-07-29_page-0001-212x300.jpg","contentUrl":"https:\/\/www.rubau.com\/wp-content\/uploads\/2025\/08\/CertificadoIDI-0054-2010_ES_2025-07-29_page-0001-212x300.jpg"},{"@type":"BreadcrumbList","@id":"https:\/\/www.rubau.com\/ca\/compromis\/rdi\/#breadcrumb","itemListElement":[{"@type":"ListItem","position":1,"name":"Portada","item":"https:\/\/www.rubau.com\/"},{"@type":"ListItem","position":2,"name":"Comprom\u00eds","item":"https:\/\/www.rubau.com\/ca\/compromis\/"},{"@type":"ListItem","position":3,"name":"INNOVACI\u00d3"}]},{"@type":"WebSite","@id":"https:\/\/www.rubau.com\/#website","url":"https:\/\/www.rubau.com\/","name":"Rubau","description":"Construccions RUBAU","publisher":{"@id":"https:\/\/www.rubau.com\/#organization"},"potentialAction":[{"@type":"SearchAction","target":{"@type":"EntryPoint","urlTemplate":"https:\/\/www.rubau.com\/?s={search_term_string}"},"query-input":{"@type":"PropertyValueSpecification","valueRequired":true,"valueName":"search_term_string"}}],"inLanguage":"ca"},{"@type":"Organization","@id":"https:\/\/www.rubau.com\/#organization","name":"Rubau","url":"https:\/\/www.rubau.com\/","logo":{"@type":"ImageObject","inLanguage":"ca","@id":"https:\/\/www.rubau.com\/#\/schema\/logo\/image\/","url":"https:\/\/www.rubau.com\/wp-content\/uploads\/2024\/10\/Logo-CONSTRUCCIONS-RUBAU-ES1.png","contentUrl":"https:\/\/www.rubau.com\/wp-content\/uploads\/2024\/10\/Logo-CONSTRUCCIONS-RUBAU-ES1.png","width":1010,"height":200,"caption":"Rubau"},"image":{"@id":"https:\/\/www.rubau.com\/#\/schema\/logo\/image\/"},"sameAs":["https:\/\/www.instagram.com\/construcciones_rubau\/","https:\/\/www.linkedin.com\/company\/construcciones-rubau-s.a."]}]}},"_links":{"self":[{"href":"https:\/\/www.rubau.com\/ca\/wp-json\/wp\/v2\/pages\/1298","targetHints":{"allow":["GET"]}}],"collection":[{"href":"https:\/\/www.rubau.com\/ca\/wp-json\/wp\/v2\/pages"}],"about":[{"href":"https:\/\/www.rubau.com\/ca\/wp-json\/wp\/v2\/types\/page"}],"author":[{"embeddable":true,"href":"https:\/\/www.rubau.com\/ca\/wp-json\/wp\/v2\/users\/1"}],"replies":[{"embeddable":true,"href":"https:\/\/www.rubau.com\/ca\/wp-json\/wp\/v2\/comments?post=1298"}],"version-history":[{"count":14,"href":"https:\/\/www.rubau.com\/ca\/wp-json\/wp\/v2\/pages\/1298\/revisions"}],"predecessor-version":[{"id":11102,"href":"https:\/\/www.rubau.com\/ca\/wp-json\/wp\/v2\/pages\/1298\/revisions\/11102"}],"up":[{"embeddable":true,"href":"https:\/\/www.rubau.com\/ca\/wp-json\/wp\/v2\/pages\/1257"}],"wp:attachment":[{"href":"https:\/\/www.rubau.com\/ca\/wp-json\/wp\/v2\/media?parent=1298"}],"curies":[{"name":"wp","href":"https:\/\/api.w.org\/{rel}","templated":true}]}}